{"id":3002,"date":"2026-03-26T14:34:30","date_gmt":"2026-03-26T13:34:30","guid":{"rendered":"https:\/\/lykoceramika.pl\/?page_id=3002"},"modified":"2026-04-09T01:11:37","modified_gmt":"2026-04-08T23:11:37","slug":"uslugi-wypal-prac-karnet-wynajem-przestrzeni","status":"publish","type":"page","link":"https:\/\/lykoceramika.pl\/en\/uslugi-wypal-prac-karnet-wynajem-przestrzeni\/","title":{"rendered":"Us\u0142ugi"},"content":{"rendered":"<div data-elementor-type=\"wp-page\" data-elementor-id=\"3002\" class=\"elementor elementor-3002\">\n\t\t\t\t\t\t<section class=\"elementor-section elementor-top-section elementor-element elementor-element-2b875cb elementor-section-boxed elementor-section-height-default elementor-section-height-default\" data-id=\"2b875cb\" data-element_type=\"section\" data-e-type=\"section\">\n\t\t\t\t\t\t<div class=\"elementor-container elementor-column-gap-default\">\n\t\t\t\t\t<div class=\"elementor-column elementor-col-100 elementor-top-column elementor-element elementor-element-b526339\" data-id=\"b526339\" data-element_type=\"column\" data-e-type=\"column\">\n\t\t\t<div class=\"elementor-widget-wrap elementor-element-populated\">\n\t\t\t\t\t\t<div class=\"elementor-element elementor-element-d9c03f7 elementor-widget__width-initial elementor-widget elementor-widget-nm-products\" data-id=\"d9c03f7\" data-element_type=\"widget\" data-e-type=\"widget\" data-widget_type=\"nm-products.default\">\n\t\t\t\t<div class=\"elementor-widget-container\">\n\t\t\t\t\t<div class=\"nm-elementor-products-widget\"><div class=\"woocommerce columns-3\"><ul class=\"nm-products products xsmall-block-grid-2 small-block-grid-2 medium-block-grid-3 large-block-grid-3 grid-default layout-default attributes-position-thumbnail has-action-links\">\r\n<li class=\"product type-product post-306 status-publish first onbackorder product_cat-uslugi product_cat-warsztaty has-post-thumbnail taxable shipping-taxable product-type-simple\" data-product-id=\"306\">\r\n\t<div class=\"nm-shop-loop-product-wrap\">\r\n        \r\n        <div class=\"nm-shop-loop-thumbnail\">\r\n                        \r\n            <a href=\"https:\/\/lykoceramika.pl\/en\/product\/karnet\/\" class=\"nm-shop-loop-thumbnail-link woocommerce-LoopProduct-link\">\r\n            <img fetchpriority=\"high\" decoding=\"async\" src=\"https:\/\/lykoceramika.pl\/wp-content\/themes\/savoy\/assets\/img\/placeholder.png\" data-src=\"https:\/\/lykoceramika.pl\/wp-content\/uploads\/2023\/07\/cz-b-350x350.jpg\" data-srcset=\"https:\/\/lykoceramika.pl\/wp-content\/uploads\/2023\/07\/cz-b-350x350.jpg 350w, https:\/\/lykoceramika.pl\/wp-content\/uploads\/2023\/07\/cz-b-300x300.jpg 300w, https:\/\/lykoceramika.pl\/wp-content\/uploads\/2023\/07\/cz-b-150x150.jpg 150w, https:\/\/lykoceramika.pl\/wp-content\/uploads\/2023\/07\/cz-b-680x680.jpg 680w, https:\/\/lykoceramika.pl\/wp-content\/uploads\/2023\/07\/cz-b-100x100.jpg 100w, https:\/\/lykoceramika.pl\/wp-content\/uploads\/2023\/07\/cz-b.jpg 750w\" alt=\"\" sizes=\"(max-width: 350px) 100vw, 350px\" width=\"350\" height=\"350\" class=\"attachment-woocommerce_thumbnail size-woocommerce_thumbnail wp-post-image  lazyload\" \/><img decoding=\"async\" src=\"https:\/\/lykoceramika.pl\/wp-content\/themes\/savoy\/assets\/img\/transparent.gif\" data-src=\"https:\/\/lykoceramika.pl\/wp-content\/uploads\/2023\/09\/1-14-350x350.jpg\" data-srcset=\"https:\/\/lykoceramika.pl\/wp-content\/uploads\/2023\/09\/1-14-350x350.jpg 350w, https:\/\/lykoceramika.pl\/wp-content\/uploads\/2023\/09\/1-14-300x300.jpg 300w, https:\/\/lykoceramika.pl\/wp-content\/uploads\/2023\/09\/1-14-1024x1024.jpg 1024w, https:\/\/lykoceramika.pl\/wp-content\/uploads\/2023\/09\/1-14-150x150.jpg 150w, https:\/\/lykoceramika.pl\/wp-content\/uploads\/2023\/09\/1-14-768x768.jpg 768w, https:\/\/lykoceramika.pl\/wp-content\/uploads\/2023\/09\/1-14-1536x1536.jpg 1536w, https:\/\/lykoceramika.pl\/wp-content\/uploads\/2023\/09\/1-14-680x680.jpg 680w, https:\/\/lykoceramika.pl\/wp-content\/uploads\/2023\/09\/1-14-100x100.jpg 100w, https:\/\/lykoceramika.pl\/wp-content\/uploads\/2023\/09\/1-14.jpg 1610w\" alt=\"\" sizes=\"(max-width: 350px) 100vw, 350px\" width=\"350\" height=\"350\" class=\"attachment-woocommerce_thumbnail size-woocommerce_thumbnail wp-post-image nm-shop-hover-image lazyload\" \/>            <\/a>\r\n        <\/div>\r\n        \r\n        <div class=\"nm-shop-loop-details\">\r\n            <a href=\"#\" id=\"nm-wishlist-item-306-button\" class=\"nm-wishlist-button nm-wishlist-item-306-button\" data-product-id=\"306\" title=\"Add to Wishlist\"><i class=\"nm-font nm-font-heart-o\"><\/i><\/a>\r\n            <div class=\"nm-shop-loop-title-price\">\r\n            <h3 class=\"woocommerce-loop-product__title\"><a href=\"https:\/\/lykoceramika.pl\/en\/product\/karnet\/\" class=\"nm-shop-loop-title-link woocommerce-LoopProduct-link\">Coworking pass \u2013 ceramics studio<\/a><\/h3>\r\n            <\/div>\r\n\r\n            <div class=\"nm-shop-loop-actions\">\r\n            <a href=\"https:\/\/lykoceramika.pl\/en\/product\/karnet\/\" data-quantity=\"1\" class=\"button product_type_simple\" data-product_id=\"306\" data-product_sku=\"\" aria-label=\"Read more about \u201cKarnet - ceramiczny cowork\u201d\" rel=\"nofollow\" data-success_message=\"\" data-no-translation=\"\" data-trp-gettext=\"\" data-no-translation-aria-label=\"\">Read more<\/a><span class=\"gtm4wp_productdata\" style=\"display:none; visibility:hidden;\" data-gtm4wp_product_data=\"{&quot;internal_id&quot;:306,&quot;item_id&quot;:306,&quot;item_name&quot;:&quot;Karnet - ceramiczny cowork&quot;,&quot;sku&quot;:306,&quot;price&quot;:0,&quot;stocklevel&quot;:null,&quot;stockstatus&quot;:&quot;onbackorder&quot;,&quot;google_business_vertical&quot;:&quot;retail&quot;,&quot;item_category&quot;:&quot;WARSZTATY&quot;,&quot;id&quot;:306,&quot;productlink&quot;:&quot;https:\\\/\\\/lykoceramika.pl\\\/en\\\/product\\\/karnet\\\/&quot;,&quot;item_list_name&quot;:&quot;General Product List&quot;,&quot;index&quot;:1,&quot;product_type&quot;:&quot;simple&quot;,&quot;item_brand&quot;:&quot;&quot;}\"><\/span>            <\/div>\r\n        <\/div>\r\n        \r\n            <\/div>\r\n<\/li>\r\n<\/ul>\r\n<\/div><\/div>\t\t\t\t<\/div>\n\t\t\t\t<\/div>\n\t\t\t\t\t<\/div>\n\t\t<\/div>\n\t\t\t\t\t<\/div>\n\t\t<\/section>\n\t\t\t\t<section class=\"elementor-section elementor-top-section elementor-element elementor-element-45b7e46 elementor-section-boxed elementor-section-height-default elementor-section-height-default\" data-id=\"45b7e46\" data-element_type=\"section\" data-e-type=\"section\">\n\t\t\t\t\t\t<div class=\"elementor-container elementor-column-gap-default\">\n\t\t\t\t\t<div class=\"elementor-column elementor-col-100 elementor-top-column elementor-element elementor-element-466b741\" data-id=\"466b741\" data-element_type=\"column\" data-e-type=\"column\">\n\t\t\t<div class=\"elementor-widget-wrap elementor-element-populated\">\n\t\t\t\t\t\t<div class=\"elementor-element elementor-element-f4f91f7 elementor-widget elementor-widget-heading\" data-id=\"f4f91f7\" data-element_type=\"widget\" data-e-type=\"widget\" data-widget_type=\"heading.default\">\n\t\t\t\t<div class=\"elementor-widget-container\">\n\t\t\t\t\t<h1 class=\"elementor-heading-title elementor-size-default\">WYPA\u0141 PRAC<\/h1>\t\t\t\t<\/div>\n\t\t\t\t<\/div>\n\t\t\t\t<div class=\"elementor-element elementor-element-deac16b elementor-widget elementor-widget-text-editor\" data-id=\"deac16b\" data-element_type=\"widget\" data-e-type=\"widget\" data-widget_type=\"text-editor.default\">\n\t\t\t\t<div class=\"elementor-widget-container\">\n\t\t\t\t\t\t\t\t\t<p>Prowadzimy wypa\u0142 prac z zewn\u0105trz. Prace mo\u017cna przynie\u015b\u0107 w godzinach otwarcia pracowni, kt\u00f3re dost\u0119pne s\u0105 na Google Maps. Prace nale\u017cy wy\u0142o\u017cy\u0107 na p\u00f3\u0142ce oraz zostawi\u0107 karteczk\u0119 z numerem telefonu. Pude\u0142ka i opakowania, w kt\u00f3rych prace by\u0142y transportowane nale\u017cy zabra\u0107 ze sob\u0105 z powrotem.<\/p><p dir=\"ltr\">Cennik wypa\u0142\u00f3w prac wykonanych poza pracowni\u0105:\u00a0<strong><br \/><\/strong>&#8211; <span role=\"presentation\">wypa\u0142 na biskwit &#8211;\u00a030 z\u0142\/kg<br \/><\/span>&#8211; wypa\u0142 szkliw w temperaturze 1040\u00b0C &#8211; 40 z\u0142\/kg<br \/>&#8211; wypa\u0142 szkliw w temperaturze 1240\u00b0C &#8211;\u00a060 z\u0142\/kg<br \/>&#8211; prace ma\u0142oformatowe: biskwit 50zl\/kg, 150 z\u0142\/kg<\/p><p dir=\"ltr\">Minimalna cena wypa\u0142u: 20 z\u0142<br \/>Czyszczenie p\u00f3\u0142ki: 50 z\u0142<br \/>Wymiana p\u00f3\u0142ki: 300 z\u0142<br \/>(ostatnia aktualizacja: 1.04.2026 r.)<strong><br \/><\/strong><\/p>\t\t\t\t\t\t\t\t<\/div>\n\t\t\t\t<\/div>\n\t\t\t\t<div class=\"elementor-element elementor-element-5ebf3e6 elementor-widget elementor-widget-heading\" data-id=\"5ebf3e6\" data-element_type=\"widget\" data-e-type=\"widget\" data-widget_type=\"heading.default\">\n\t\t\t\t<div class=\"elementor-widget-container\">\n\t\t\t\t\t<h1 class=\"elementor-heading-title elementor-size-default\">CERAMIC WORKSHOP PASS<\/h1>\t\t\t\t<\/div>\n\t\t\t\t<\/div>\n\t\t\t\t<div class=\"elementor-element elementor-element-cf1be77 elementor-widget elementor-widget-text-editor\" data-id=\"cf1be77\" data-element_type=\"widget\" data-e-type=\"widget\" data-widget_type=\"text-editor.default\">\n\t\t\t\t<div class=\"elementor-widget-container\">\n\t\t\t\t\t\t\t\t\t<p>For those interested in more frequent encounters with clay, we meet weekly (and sometimes even more often) for collaborative sculpting. The sessions within the pass involve casual sculpting\/turning and glazing at a large table. The classes take the form of an open studio and are focused on independent work on individual projects.<\/p><p>The pass is intended for individuals who have previously worked with clay and are familiar with basic techniques of sculpting\/wheel throwing and glazing.<\/p><p>Dates<strong>:<br \/><\/strong>Spotykamy si\u0119 we wtorki 18.00-20.00 i \u015brody 18.00-20.00. Obowi\u0105zuj\u0105 wcze\u015bniejsze zapisy przez aplikacj\u0119 <strong><a href=\"https:\/\/app.fitssey.com\/LYKOceramika\">Fitssey<\/a><\/strong><\/p><p>Cost<strong>:<br \/><\/strong>150 z\u0142 &#8211; pojedyncze wej\u015bcie<br \/>450 z\u0142 &#8211; karnet na 4 wej\u015bcia wa\u017cny przez 2 miesi\u0105ce<\/p>\t\t\t\t\t\t\t\t<\/div>\n\t\t\t\t<\/div>\n\t\t\t\t<div class=\"elementor-element elementor-element-f35e429 elementor-widget elementor-widget-heading\" data-id=\"f35e429\" data-element_type=\"widget\" data-e-type=\"widget\" data-widget_type=\"heading.default\">\n\t\t\t\t<div class=\"elementor-widget-container\">\n\t\t\t\t\t<h1 class=\"elementor-heading-title elementor-size-default\">SPACE RENTAL<\/h1>\t\t\t\t<\/div>\n\t\t\t\t<\/div>\n\t\t\t\t<div class=\"elementor-element elementor-element-5e0e4c5 elementor-widget elementor-widget-text-editor\" data-id=\"5e0e4c5\" data-element_type=\"widget\" data-e-type=\"widget\" data-widget_type=\"text-editor.default\">\n\t\t\t\t<div class=\"elementor-widget-container\">\n\t\t\t\t\t\t\t\t\t<p>Do you have a different idea for using our space?<\/p><p>Aktualny cennik<strong>:<br \/><\/strong>2 hours: 300 PLN<br \/>3 hours: 400 PLN<br \/>ka\u017cda nast\u0119pna +80 z\u0142<\/p>\t\t\t\t\t\t\t\t<\/div>\n\t\t\t\t<\/div>\n\t\t\t\t\t<\/div>\n\t\t<\/div>\n\t\t\t\t\t<\/div>\n\t\t<\/section>\n\t\t\t\t<section class=\"elementor-section elementor-top-section elementor-element elementor-element-8870642 elementor-section-boxed elementor-section-height-default elementor-section-height-default\" data-id=\"8870642\" data-element_type=\"section\" data-e-type=\"section\">\n\t\t\t\t\t\t<div class=\"elementor-container elementor-column-gap-default\">\n\t\t\t\t\t<div class=\"elementor-column elementor-col-100 elementor-top-column elementor-element elementor-element-3db98eb\" data-id=\"3db98eb\" data-element_type=\"column\" data-e-type=\"column\">\n\t\t\t<div class=\"elementor-widget-wrap\">\n\t\t\t\t\t\t\t<\/div>\n\t\t<\/div>\n\t\t\t\t\t<\/div>\n\t\t<\/section>\n\t\t\t\t<\/div>","protected":false},"excerpt":{"rendered":"<p>Karnet &#8211; ceramiczny cowork Dowiedz si\u0119 wi\u0119cej WYPA\u0141 PRAC Prowadzimy wypa\u0142 prac z zewn\u0105trz. Prace mo\u017cna przynie\u015b\u0107 w godzinach otwarcia pracowni, kt\u00f3re dost\u0119pne s\u0105 na Google Maps. Prace nale\u017cy wy\u0142o\u017cy\u0107 na p\u00f3\u0142ce oraz zostawi\u0107 karteczk\u0119 z numerem telefonu. Pude\u0142ka i opakowania, w kt\u00f3rych prace by\u0142y transportowane nale\u017cy zabra\u0107 ze sob\u0105 z powrotem. Cennik wypa\u0142\u00f3w prac &hellip;<\/p>","protected":false},"author":1,"featured_media":0,"parent":0,"menu_order":0,"comment_status":"closed","ping_status":"closed","template":"","meta":{"footnotes":""},"class_list":["post-3002","page","type-page","status-publish","hentry"],"yoast_head":"<!-- This site is optimized with the Yoast SEO plugin v27.4 - https:\/\/yoast.com\/product\/yoast-seo-wordpress\/ -->\n<title>Us\u0142ugi -<\/title>\n<meta name=\"description\" content=\"\u0141YKO CERAMIKA pracownia i warsztaty ceramiczne\" \/>\n<meta name=\"robots\" content=\"index, follow, max-snippet:-1, max-image-preview:large, max-video-preview:-1\" \/>\n<link rel=\"canonical\" href=\"https:\/\/lykoceramika.pl\/en\/uslugi-wypal-prac-karnet-wynajem-przestrzeni\/\" \/>\n<meta property=\"og:locale\" content=\"en_GB\" \/>\n<meta property=\"og:type\" content=\"article\" \/>\n<meta property=\"og:title\" content=\"Us\u0142ugi -\" \/>\n<meta property=\"og:description\" content=\"\u0141YKO CERAMIKA pracownia i warsztaty ceramiczne\" \/>\n<meta property=\"og:url\" content=\"https:\/\/lykoceramika.pl\/en\/uslugi-wypal-prac-karnet-wynajem-przestrzeni\/\" \/>\n<meta property=\"article:publisher\" content=\"https:\/\/www.facebook.com\/lykostudio.ceramika\" \/>\n<meta property=\"article:modified_time\" content=\"2026-04-08T23:11:37+00:00\" \/>\n<meta property=\"og:image\" content=\"https:\/\/lykoceramika.pl\/wp-content\/uploads\/2023\/07\/cz-b-350x350.jpg\" \/>\n<meta name=\"twitter:card\" content=\"summary_large_image\" \/>\n<meta name=\"twitter:label1\" content=\"Estimated reading time\" \/>\n\t<meta name=\"twitter:data1\" content=\"2 minutes\" \/>\n<script type=\"application\/ld+json\" class=\"yoast-schema-graph\">{\"@context\":\"https:\\\/\\\/schema.org\",\"@graph\":[{\"@type\":\"WebPage\",\"@id\":\"https:\\\/\\\/lykoceramika.pl\\\/uslugi-wypal-prac-karnet-wynajem-przestrzeni\\\/\",\"url\":\"https:\\\/\\\/lykoceramika.pl\\\/uslugi-wypal-prac-karnet-wynajem-przestrzeni\\\/\",\"name\":\"Us\u0142ugi -\",\"isPartOf\":{\"@id\":\"https:\\\/\\\/lykoceramika.pl\\\/#website\"},\"primaryImageOfPage\":{\"@id\":\"https:\\\/\\\/lykoceramika.pl\\\/uslugi-wypal-prac-karnet-wynajem-przestrzeni\\\/#primaryimage\"},\"image\":{\"@id\":\"https:\\\/\\\/lykoceramika.pl\\\/uslugi-wypal-prac-karnet-wynajem-przestrzeni\\\/#primaryimage\"},\"thumbnailUrl\":\"https:\\\/\\\/lykoceramika.pl\\\/wp-content\\\/uploads\\\/2023\\\/07\\\/cz-b-350x350.jpg\",\"datePublished\":\"2026-03-26T13:34:30+00:00\",\"dateModified\":\"2026-04-08T23:11:37+00:00\",\"description\":\"\u0141YKO CERAMIKA pracownia i warsztaty ceramiczne\",\"breadcrumb\":{\"@id\":\"https:\\\/\\\/lykoceramika.pl\\\/uslugi-wypal-prac-karnet-wynajem-przestrzeni\\\/#breadcrumb\"},\"inLanguage\":\"en-GB\",\"potentialAction\":[{\"@type\":\"ReadAction\",\"target\":[\"https:\\\/\\\/lykoceramika.pl\\\/uslugi-wypal-prac-karnet-wynajem-przestrzeni\\\/\"]}]},{\"@type\":\"ImageObject\",\"inLanguage\":\"en-GB\",\"@id\":\"https:\\\/\\\/lykoceramika.pl\\\/uslugi-wypal-prac-karnet-wynajem-przestrzeni\\\/#primaryimage\",\"url\":\"https:\\\/\\\/lykoceramika.pl\\\/wp-content\\\/uploads\\\/2023\\\/07\\\/cz-b-350x350.jpg\",\"contentUrl\":\"https:\\\/\\\/lykoceramika.pl\\\/wp-content\\\/uploads\\\/2023\\\/07\\\/cz-b-350x350.jpg\"},{\"@type\":\"BreadcrumbList\",\"@id\":\"https:\\\/\\\/lykoceramika.pl\\\/uslugi-wypal-prac-karnet-wynajem-przestrzeni\\\/#breadcrumb\",\"itemListElement\":[{\"@type\":\"ListItem\",\"position\":1,\"name\":\"Strona g\u0142\u00f3wna\",\"item\":\"https:\\\/\\\/lykoceramika.pl\\\/\"},{\"@type\":\"ListItem\",\"position\":2,\"name\":\"Us\u0142ugi\"}]},{\"@type\":\"WebSite\",\"@id\":\"https:\\\/\\\/lykoceramika.pl\\\/#website\",\"url\":\"https:\\\/\\\/lykoceramika.pl\\\/\",\"name\":\"https:\\\/\\\/lykoceramika.pl\\\/\",\"description\":\"\",\"publisher\":{\"@id\":\"https:\\\/\\\/lykoceramika.pl\\\/#organization\"},\"potentialAction\":[{\"@type\":\"SearchAction\",\"target\":{\"@type\":\"EntryPoint\",\"urlTemplate\":\"https:\\\/\\\/lykoceramika.pl\\\/?s={search_term_string}\"},\"query-input\":{\"@type\":\"PropertyValueSpecification\",\"valueRequired\":true,\"valueName\":\"search_term_string\"}}],\"inLanguage\":\"en-GB\"},{\"@type\":\"Organization\",\"@id\":\"https:\\\/\\\/lykoceramika.pl\\\/#organization\",\"name\":\"\u0141YKO ceramika\",\"url\":\"https:\\\/\\\/lykoceramika.pl\\\/\",\"logo\":{\"@type\":\"ImageObject\",\"inLanguage\":\"en-GB\",\"@id\":\"https:\\\/\\\/lykoceramika.pl\\\/#\\\/schema\\\/logo\\\/image\\\/\",\"url\":\"https:\\\/\\\/lykoceramika.pl\\\/wp-content\\\/uploads\\\/2023\\\/09\\\/lyko-logo.png\",\"contentUrl\":\"https:\\\/\\\/lykoceramika.pl\\\/wp-content\\\/uploads\\\/2023\\\/09\\\/lyko-logo.png\",\"width\":600,\"height\":250,\"caption\":\"\u0141YKO ceramika\"},\"image\":{\"@id\":\"https:\\\/\\\/lykoceramika.pl\\\/#\\\/schema\\\/logo\\\/image\\\/\"},\"sameAs\":[\"https:\\\/\\\/www.facebook.com\\\/lykostudio.ceramika\",\"https:\\\/\\\/www.instagram.com\\\/lyko.ceramika\\\/\",\"https:\\\/\\\/www.tiktok.com\\\/@lykoceramika\"]}]}<\/script>\n<!-- \/ Yoast SEO plugin. -->","yoast_head_json":{"title":"Us\u0142ugi -","description":"\u0141YKO CERAMIKA pracownia i warsztaty ceramiczne","robots":{"index":"index","follow":"follow","max-snippet":"max-snippet:-1","max-image-preview":"max-image-preview:large","max-video-preview":"max-video-preview:-1"},"canonical":"https:\/\/lykoceramika.pl\/en\/uslugi-wypal-prac-karnet-wynajem-przestrzeni\/","og_locale":"en_GB","og_type":"article","og_title":"Us\u0142ugi -","og_description":"\u0141YKO CERAMIKA pracownia i warsztaty ceramiczne","og_url":"https:\/\/lykoceramika.pl\/en\/uslugi-wypal-prac-karnet-wynajem-przestrzeni\/","article_publisher":"https:\/\/www.facebook.com\/lykostudio.ceramika","article_modified_time":"2026-04-08T23:11:37+00:00","og_image":[{"url":"https:\/\/lykoceramika.pl\/wp-content\/uploads\/2023\/07\/cz-b-350x350.jpg","type":"","width":"","height":""}],"twitter_card":"summary_large_image","twitter_misc":{"Estimated reading time":"2 minutes"},"schema":{"@context":"https:\/\/schema.org","@graph":[{"@type":"WebPage","@id":"https:\/\/lykoceramika.pl\/uslugi-wypal-prac-karnet-wynajem-przestrzeni\/","url":"https:\/\/lykoceramika.pl\/uslugi-wypal-prac-karnet-wynajem-przestrzeni\/","name":"Us\u0142ugi -","isPartOf":{"@id":"https:\/\/lykoceramika.pl\/#website"},"primaryImageOfPage":{"@id":"https:\/\/lykoceramika.pl\/uslugi-wypal-prac-karnet-wynajem-przestrzeni\/#primaryimage"},"image":{"@id":"https:\/\/lykoceramika.pl\/uslugi-wypal-prac-karnet-wynajem-przestrzeni\/#primaryimage"},"thumbnailUrl":"https:\/\/lykoceramika.pl\/wp-content\/uploads\/2023\/07\/cz-b-350x350.jpg","datePublished":"2026-03-26T13:34:30+00:00","dateModified":"2026-04-08T23:11:37+00:00","description":"\u0141YKO CERAMIKA pracownia i warsztaty ceramiczne","breadcrumb":{"@id":"https:\/\/lykoceramika.pl\/uslugi-wypal-prac-karnet-wynajem-przestrzeni\/#breadcrumb"},"inLanguage":"en-GB","potentialAction":[{"@type":"ReadAction","target":["https:\/\/lykoceramika.pl\/uslugi-wypal-prac-karnet-wynajem-przestrzeni\/"]}]},{"@type":"ImageObject","inLanguage":"en-GB","@id":"https:\/\/lykoceramika.pl\/uslugi-wypal-prac-karnet-wynajem-przestrzeni\/#primaryimage","url":"https:\/\/lykoceramika.pl\/wp-content\/uploads\/2023\/07\/cz-b-350x350.jpg","contentUrl":"https:\/\/lykoceramika.pl\/wp-content\/uploads\/2023\/07\/cz-b-350x350.jpg"},{"@type":"BreadcrumbList","@id":"https:\/\/lykoceramika.pl\/uslugi-wypal-prac-karnet-wynajem-przestrzeni\/#breadcrumb","itemListElement":[{"@type":"ListItem","position":1,"name":"Strona g\u0142\u00f3wna","item":"https:\/\/lykoceramika.pl\/"},{"@type":"ListItem","position":2,"name":"Us\u0142ugi"}]},{"@type":"WebSite","@id":"https:\/\/lykoceramika.pl\/#website","url":"https:\/\/lykoceramika.pl\/","name":"https:\/\/lykoceramika.pl\/","description":"","publisher":{"@id":"https:\/\/lykoceramika.pl\/#organization"},"potentialAction":[{"@type":"SearchAction","target":{"@type":"EntryPoint","urlTemplate":"https:\/\/lykoceramika.pl\/?s={search_term_string}"},"query-input":{"@type":"PropertyValueSpecification","valueRequired":true,"valueName":"search_term_string"}}],"inLanguage":"en-GB"},{"@type":"Organization","@id":"https:\/\/lykoceramika.pl\/#organization","name":"\u0141YKO ceramika","url":"https:\/\/lykoceramika.pl\/","logo":{"@type":"ImageObject","inLanguage":"en-GB","@id":"https:\/\/lykoceramika.pl\/#\/schema\/logo\/image\/","url":"https:\/\/lykoceramika.pl\/wp-content\/uploads\/2023\/09\/lyko-logo.png","contentUrl":"https:\/\/lykoceramika.pl\/wp-content\/uploads\/2023\/09\/lyko-logo.png","width":600,"height":250,"caption":"\u0141YKO ceramika"},"image":{"@id":"https:\/\/lykoceramika.pl\/#\/schema\/logo\/image\/"},"sameAs":["https:\/\/www.facebook.com\/lykostudio.ceramika","https:\/\/www.instagram.com\/lyko.ceramika\/","https:\/\/www.tiktok.com\/@lykoceramika"]}]}},"jetpack_sharing_enabled":true,"_links":{"self":[{"href":"https:\/\/lykoceramika.pl\/en\/wp-json\/wp\/v2\/pages\/3002","targetHints":{"allow":["GET"]}}],"collection":[{"href":"https:\/\/lykoceramika.pl\/en\/wp-json\/wp\/v2\/pages"}],"about":[{"href":"https:\/\/lykoceramika.pl\/en\/wp-json\/wp\/v2\/types\/page"}],"author":[{"embeddable":true,"href":"https:\/\/lykoceramika.pl\/en\/wp-json\/wp\/v2\/users\/1"}],"replies":[{"embeddable":true,"href":"https:\/\/lykoceramika.pl\/en\/wp-json\/wp\/v2\/comments?post=3002"}],"version-history":[{"count":20,"href":"https:\/\/lykoceramika.pl\/en\/wp-json\/wp\/v2\/pages\/3002\/revisions"}],"predecessor-version":[{"id":3123,"href":"https:\/\/lykoceramika.pl\/en\/wp-json\/wp\/v2\/pages\/3002\/revisions\/3123"}],"wp:attachment":[{"href":"https:\/\/lykoceramika.pl\/en\/wp-json\/wp\/v2\/media?parent=3002"}],"curies":[{"name":"wp","href":"https:\/\/api.w.org\/{rel}","templated":true}]}}