{"id":1251,"date":"2024-02-07T11:55:12","date_gmt":"2024-02-07T10:55:12","guid":{"rendered":"https:\/\/lykoceramika.pl\/?post_type=product&#038;p=1251"},"modified":"2026-01-05T01:52:41","modified_gmt":"2026-01-05T00:52:41","slug":"mam-swoja-grupe","status":"publish","type":"product","link":"https:\/\/lykoceramika.pl\/en\/product\/mam-swoja-grupe\/","title":{"rendered":"I have my own group!"},"content":{"rendered":"<p><strong>Duration<br \/>\n<\/strong><\/p>\n<p>To be arranged.<\/p>\n<p><strong>Dates<br \/>\n<\/strong><\/p>\n<p>To be arranged.<\/p>\n<p><strong>Cost<\/strong><\/p>\n<p>To be arranged.<\/p>\n<p>&nbsp;<\/p>","protected":false},"excerpt":{"rendered":"<p><strong>Do you have your own group?<br \/>\n<\/strong><\/p>\n<p>If none of the scheduled dates work for you, or if you\u2019d like to meet separately for collaborative sculpting, our studio can accommodate up to 10 people.<\/p>\n<p><strong><a href=\"mailto:studio@lykoceramika.pl\">Get in touch with us!<\/a><\/strong><\/p>","protected":false},"featured_media":2437,"template":"","meta":[],"product_brand":[],"product_cat":[19],"product_tag":[],"class_list":{"0":"post-1251","1":"product","2":"type-product","3":"status-publish","4":"has-post-thumbnail","6":"product_cat-warsztaty","8":"first","9":"onbackorder","10":"taxable","11":"shipping-taxable","12":"product-type-simple"},"yoast_head":"<!-- This site is optimized with the Yoast SEO plugin v27.4 - https:\/\/yoast.com\/product\/yoast-seo-wordpress\/ -->\n<title>Mam swoj\u0105 grup\u0119! -<\/title>\n<meta name=\"robots\" content=\"index, follow, max-snippet:-1, max-image-preview:large, max-video-preview:-1\" \/>\n<link rel=\"canonical\" href=\"https:\/\/lykoceramika.pl\/en\/product\/mam-swoja-grupe\/\" \/>\n<meta property=\"og:locale\" content=\"en_GB\" \/>\n<meta property=\"og:type\" content=\"article\" \/>\n<meta property=\"og:title\" content=\"Mam swoj\u0105 grup\u0119! -\" \/>\n<meta property=\"og:description\" content=\"Masz swoj\u0105 grup\u0119?   Nie pasuje Wam \u017caden termin, a mo\u017ce chcecie spotka\u0107 si\u0119 sami na wsp\u00f3lnym lepieniu? Nasza pracownia pomie\u015bci do 10 os\u00f3b.  Skontaktuj si\u0119 z nami!\" \/>\n<meta property=\"og:url\" content=\"https:\/\/lykoceramika.pl\/en\/product\/mam-swoja-grupe\/\" \/>\n<meta property=\"article:publisher\" content=\"https:\/\/www.facebook.com\/lykostudio.ceramika\" \/>\n<meta property=\"article:modified_time\" content=\"2026-01-05T00:52:41+00:00\" \/>\n<meta property=\"og:image\" content=\"https:\/\/lykoceramika.pl\/wp-content\/uploads\/2023\/07\/zsdf.jpg\" \/>\n\t<meta property=\"og:image:width\" content=\"1536\" \/>\n\t<meta property=\"og:image:height\" content=\"1536\" \/>\n\t<meta property=\"og:image:type\" content=\"image\/jpeg\" \/>\n<meta name=\"twitter:card\" content=\"summary_large_image\" \/>\n<meta name=\"twitter:label1\" content=\"Estimated reading time\" \/>\n\t<meta name=\"twitter:data1\" content=\"1 minute\" \/>\n<script type=\"application\/ld+json\" class=\"yoast-schema-graph\">{\"@context\":\"https:\\\/\\\/schema.org\",\"@graph\":[{\"@type\":\"WebPage\",\"@id\":\"https:\\\/\\\/lykoceramika.pl\\\/produkt\\\/mam-swoja-grupe\\\/\",\"url\":\"https:\\\/\\\/lykoceramika.pl\\\/produkt\\\/mam-swoja-grupe\\\/\",\"name\":\"Mam swoj\u0105 grup\u0119! -\",\"isPartOf\":{\"@id\":\"https:\\\/\\\/lykoceramika.pl\\\/#website\"},\"primaryImageOfPage\":{\"@id\":\"https:\\\/\\\/lykoceramika.pl\\\/produkt\\\/mam-swoja-grupe\\\/#primaryimage\"},\"image\":{\"@id\":\"https:\\\/\\\/lykoceramika.pl\\\/produkt\\\/mam-swoja-grupe\\\/#primaryimage\"},\"thumbnailUrl\":\"https:\\\/\\\/lykoceramika.pl\\\/wp-content\\\/uploads\\\/2023\\\/07\\\/zsdf.jpg\",\"datePublished\":\"2024-02-07T10:55:12+00:00\",\"dateModified\":\"2026-01-05T00:52:41+00:00\",\"breadcrumb\":{\"@id\":\"https:\\\/\\\/lykoceramika.pl\\\/produkt\\\/mam-swoja-grupe\\\/#breadcrumb\"},\"inLanguage\":\"en-GB\",\"potentialAction\":[{\"@type\":\"ReadAction\",\"target\":[\"https:\\\/\\\/lykoceramika.pl\\\/produkt\\\/mam-swoja-grupe\\\/\"]}]},{\"@type\":\"ImageObject\",\"inLanguage\":\"en-GB\",\"@id\":\"https:\\\/\\\/lykoceramika.pl\\\/produkt\\\/mam-swoja-grupe\\\/#primaryimage\",\"url\":\"https:\\\/\\\/lykoceramika.pl\\\/wp-content\\\/uploads\\\/2023\\\/07\\\/zsdf.jpg\",\"contentUrl\":\"https:\\\/\\\/lykoceramika.pl\\\/wp-content\\\/uploads\\\/2023\\\/07\\\/zsdf.jpg\",\"width\":1536,\"height\":1536},{\"@type\":\"BreadcrumbList\",\"@id\":\"https:\\\/\\\/lykoceramika.pl\\\/produkt\\\/mam-swoja-grupe\\\/#breadcrumb\",\"itemListElement\":[{\"@type\":\"ListItem\",\"position\":1,\"name\":\"Strona g\u0142\u00f3wna\",\"item\":\"https:\\\/\\\/lykoceramika.pl\\\/\"},{\"@type\":\"ListItem\",\"position\":2,\"name\":\"WARSZTATY\",\"item\":\"https:\\\/\\\/lykoceramika.pl\\\/warsztaty\\\/\"},{\"@type\":\"ListItem\",\"position\":3,\"name\":\"Mam swoj\u0105 grup\u0119!\"}]},{\"@type\":\"WebSite\",\"@id\":\"https:\\\/\\\/lykoceramika.pl\\\/#website\",\"url\":\"https:\\\/\\\/lykoceramika.pl\\\/\",\"name\":\"https:\\\/\\\/lykoceramika.pl\\\/\",\"description\":\"\",\"publisher\":{\"@id\":\"https:\\\/\\\/lykoceramika.pl\\\/#organization\"},\"potentialAction\":[{\"@type\":\"SearchAction\",\"target\":{\"@type\":\"EntryPoint\",\"urlTemplate\":\"https:\\\/\\\/lykoceramika.pl\\\/?s={search_term_string}\"},\"query-input\":{\"@type\":\"PropertyValueSpecification\",\"valueRequired\":true,\"valueName\":\"search_term_string\"}}],\"inLanguage\":\"en-GB\"},{\"@type\":\"Organization\",\"@id\":\"https:\\\/\\\/lykoceramika.pl\\\/#organization\",\"name\":\"\u0141YKO ceramika\",\"url\":\"https:\\\/\\\/lykoceramika.pl\\\/\",\"logo\":{\"@type\":\"ImageObject\",\"inLanguage\":\"en-GB\",\"@id\":\"https:\\\/\\\/lykoceramika.pl\\\/#\\\/schema\\\/logo\\\/image\\\/\",\"url\":\"https:\\\/\\\/lykoceramika.pl\\\/wp-content\\\/uploads\\\/2023\\\/09\\\/lyko-logo.png\",\"contentUrl\":\"https:\\\/\\\/lykoceramika.pl\\\/wp-content\\\/uploads\\\/2023\\\/09\\\/lyko-logo.png\",\"width\":600,\"height\":250,\"caption\":\"\u0141YKO ceramika\"},\"image\":{\"@id\":\"https:\\\/\\\/lykoceramika.pl\\\/#\\\/schema\\\/logo\\\/image\\\/\"},\"sameAs\":[\"https:\\\/\\\/www.facebook.com\\\/lykostudio.ceramika\",\"https:\\\/\\\/www.instagram.com\\\/lyko.ceramika\\\/\",\"https:\\\/\\\/www.tiktok.com\\\/@lykoceramika\"]}]}<\/script>\n<!-- \/ Yoast SEO plugin. -->","yoast_head_json":{"title":"Mam swoj\u0105 grup\u0119! -","robots":{"index":"index","follow":"follow","max-snippet":"max-snippet:-1","max-image-preview":"max-image-preview:large","max-video-preview":"max-video-preview:-1"},"canonical":"https:\/\/lykoceramika.pl\/en\/product\/mam-swoja-grupe\/","og_locale":"en_GB","og_type":"article","og_title":"Mam swoj\u0105 grup\u0119! -","og_description":"Masz swoj\u0105 grup\u0119?   Nie pasuje Wam \u017caden termin, a mo\u017ce chcecie spotka\u0107 si\u0119 sami na wsp\u00f3lnym lepieniu? Nasza pracownia pomie\u015bci do 10 os\u00f3b.  Skontaktuj si\u0119 z nami!","og_url":"https:\/\/lykoceramika.pl\/en\/product\/mam-swoja-grupe\/","article_publisher":"https:\/\/www.facebook.com\/lykostudio.ceramika","article_modified_time":"2026-01-05T00:52:41+00:00","og_image":[{"width":1536,"height":1536,"url":"https:\/\/lykoceramika.pl\/wp-content\/uploads\/2023\/07\/zsdf.jpg","type":"image\/jpeg"}],"twitter_card":"summary_large_image","twitter_misc":{"Estimated reading time":"1 minute"},"schema":{"@context":"https:\/\/schema.org","@graph":[{"@type":"WebPage","@id":"https:\/\/lykoceramika.pl\/produkt\/mam-swoja-grupe\/","url":"https:\/\/lykoceramika.pl\/produkt\/mam-swoja-grupe\/","name":"Mam swoj\u0105 grup\u0119! -","isPartOf":{"@id":"https:\/\/lykoceramika.pl\/#website"},"primaryImageOfPage":{"@id":"https:\/\/lykoceramika.pl\/produkt\/mam-swoja-grupe\/#primaryimage"},"image":{"@id":"https:\/\/lykoceramika.pl\/produkt\/mam-swoja-grupe\/#primaryimage"},"thumbnailUrl":"https:\/\/lykoceramika.pl\/wp-content\/uploads\/2023\/07\/zsdf.jpg","datePublished":"2024-02-07T10:55:12+00:00","dateModified":"2026-01-05T00:52:41+00:00","breadcrumb":{"@id":"https:\/\/lykoceramika.pl\/produkt\/mam-swoja-grupe\/#breadcrumb"},"inLanguage":"en-GB","potentialAction":[{"@type":"ReadAction","target":["https:\/\/lykoceramika.pl\/produkt\/mam-swoja-grupe\/"]}]},{"@type":"ImageObject","inLanguage":"en-GB","@id":"https:\/\/lykoceramika.pl\/produkt\/mam-swoja-grupe\/#primaryimage","url":"https:\/\/lykoceramika.pl\/wp-content\/uploads\/2023\/07\/zsdf.jpg","contentUrl":"https:\/\/lykoceramika.pl\/wp-content\/uploads\/2023\/07\/zsdf.jpg","width":1536,"height":1536},{"@type":"BreadcrumbList","@id":"https:\/\/lykoceramika.pl\/produkt\/mam-swoja-grupe\/#breadcrumb","itemListElement":[{"@type":"ListItem","position":1,"name":"Strona g\u0142\u00f3wna","item":"https:\/\/lykoceramika.pl\/"},{"@type":"ListItem","position":2,"name":"WARSZTATY","item":"https:\/\/lykoceramika.pl\/warsztaty\/"},{"@type":"ListItem","position":3,"name":"Mam swoj\u0105 grup\u0119!"}]},{"@type":"WebSite","@id":"https:\/\/lykoceramika.pl\/#website","url":"https:\/\/lykoceramika.pl\/","name":"https:\/\/lykoceramika.pl\/","description":"","publisher":{"@id":"https:\/\/lykoceramika.pl\/#organization"},"potentialAction":[{"@type":"SearchAction","target":{"@type":"EntryPoint","urlTemplate":"https:\/\/lykoceramika.pl\/?s={search_term_string}"},"query-input":{"@type":"PropertyValueSpecification","valueRequired":true,"valueName":"search_term_string"}}],"inLanguage":"en-GB"},{"@type":"Organization","@id":"https:\/\/lykoceramika.pl\/#organization","name":"\u0141YKO ceramika","url":"https:\/\/lykoceramika.pl\/","logo":{"@type":"ImageObject","inLanguage":"en-GB","@id":"https:\/\/lykoceramika.pl\/#\/schema\/logo\/image\/","url":"https:\/\/lykoceramika.pl\/wp-content\/uploads\/2023\/09\/lyko-logo.png","contentUrl":"https:\/\/lykoceramika.pl\/wp-content\/uploads\/2023\/09\/lyko-logo.png","width":600,"height":250,"caption":"\u0141YKO ceramika"},"image":{"@id":"https:\/\/lykoceramika.pl\/#\/schema\/logo\/image\/"},"sameAs":["https:\/\/www.facebook.com\/lykostudio.ceramika","https:\/\/www.instagram.com\/lyko.ceramika\/","https:\/\/www.tiktok.com\/@lykoceramika"]}]}},"jetpack_sharing_enabled":true,"_links":{"self":[{"href":"https:\/\/lykoceramika.pl\/en\/wp-json\/wp\/v2\/product\/1251","targetHints":{"allow":["GET"]}}],"collection":[{"href":"https:\/\/lykoceramika.pl\/en\/wp-json\/wp\/v2\/product"}],"about":[{"href":"https:\/\/lykoceramika.pl\/en\/wp-json\/wp\/v2\/types\/product"}],"wp:featuredmedia":[{"embeddable":true,"href":"https:\/\/lykoceramika.pl\/en\/wp-json\/wp\/v2\/media\/2437"}],"wp:attachment":[{"href":"https:\/\/lykoceramika.pl\/en\/wp-json\/wp\/v2\/media?parent=1251"}],"wp:term":[{"taxonomy":"product_brand","embeddable":true,"href":"https:\/\/lykoceramika.pl\/en\/wp-json\/wp\/v2\/product_brand?post=1251"},{"taxonomy":"product_cat","embeddable":true,"href":"https:\/\/lykoceramika.pl\/en\/wp-json\/wp\/v2\/product_cat?post=1251"},{"taxonomy":"product_tag","embeddable":true,"href":"https:\/\/lykoceramika.pl\/en\/wp-json\/wp\/v2\/product_tag?post=1251"}],"curies":[{"name":"wp","href":"https:\/\/api.w.org\/{rel}","templated":true}]}}