{"id":212,"date":"2023-09-09T20:44:20","date_gmt":"2023-09-09T18:44:20","guid":{"rendered":"https:\/\/lykoceramika.pl\/?post_type=product&#038;p=212"},"modified":"2026-04-17T12:18:32","modified_gmt":"2026-04-17T10:18:32","slug":"wieczor-z-glina","status":"publish","type":"product","link":"https:\/\/lykoceramika.pl\/en\/product\/wieczor-z-glina\/","title":{"rendered":"Morning \/ Evening with clay"},"content":{"rendered":"<p><strong>Duration<br \/>\n<\/strong>1 session: 2 hours<!--more--><\/p>\n<p><strong>Workshop Flow:<br \/>\n<\/strong>1. Theoretical introduction:<br \/>\nWe start with a brief introduction to the world of ceramics. We avoid imposing specific themes so that everyone feels comfortable. For undecided participants, we\u2019re happy to provide guidance.<br \/>\n2. Practical part \u2013 molding:<br \/>\nWe assist individually in choosing the appropriate molding technique for your chosen subject. We\u2019re with you throughout, offering advice and answering your questions.<br \/>\n3. Practical part \u2013 decoration:<br \/>\nYou\u2019ll be able to decorate your finished pieces with stamps and engobes, adding color to your creations.<\/p>\n<p>As part of the workshop, we provide two glasses of wine, coffee, tea, and light refreshments.<\/p>\n<p><strong>Additional information!<br \/>\n<\/strong>After the workshops, the pieces are dried, fired twice in a ceramic kiln, and in the meantime, covered with transparent glaze. The final pieces are ready for pickup after approximately 3 weeks. The selected glazes and firing temperature of around 1240 degrees Celsius allow for food-safe contact. You can also wash the pieces in a dishwasher.<\/p>\n<p><strong>How to prepare for the Workshops?<\/strong><br \/>\nDuring the workshop, each participant will receive a protective apron. The studio is heated, but be prepared for slightly cooler temperatures in winter. If possible, come with short nails\u2014it\u2019s much more convenient. \ud83d\ude42<\/p>\n<p><strong>Who are the workshops for?<br \/>\n<\/strong>The workshops are suitable for both beginners and intermediate participants who want to spend creatively in the studio.<\/p>\n<p><strong>Minimum number of participants:<\/strong><br \/>\n4 people. If there aren\u2019t enough participants, we\u2019ll offer a new date or provide a refund for those who have already paid.<\/p>","protected":false},"excerpt":{"rendered":"<p><strong>About the workshops<\/strong><\/p>\n<p>A morning\/evening with clay is a great choice if you want to relax while handbuilding or if it\u2019s your very first time working with clay. There\u2019s no set theme during the workshop \u2014 you\u2019re free to create whatever you like. You can make a figurine, a mug, a bowl, a candle holder, an incense holder, or maybe you have another idea in mind?\n\nBy the end of the workshop, you\u2019ll have one finished piece decorated with colorful engobes (slip glazes). The session is accompanied by relaxing music, light snacks, and wine\/compote\/coffee and tea.<\/p>\n<p>The workshops are suitable for both beginners and intermediate participants who want to spend creatively in the studio.<\/p>","protected":false},"featured_media":2440,"template":"","meta":[],"product_brand":[],"product_cat":[19],"product_tag":[],"class_list":{"0":"post-212","1":"product","2":"type-product","3":"status-publish","4":"has-post-thumbnail","6":"product_cat-warsztaty","8":"first","9":"instock","10":"taxable","11":"shipping-taxable","12":"purchasable","13":"product-type-variable"},"yoast_head":"<!-- This site is optimized with the Yoast SEO plugin v27.4 - https:\/\/yoast.com\/product\/yoast-seo-wordpress\/ -->\n<title>Poranek \/ Wiecz\u00f3r z glin\u0105 -<\/title>\n<meta name=\"robots\" content=\"index, follow, max-snippet:-1, max-image-preview:large, max-video-preview:-1\" \/>\n<link rel=\"canonical\" href=\"https:\/\/lykoceramika.pl\/en\/product\/wieczor-z-glina\/\" \/>\n<meta property=\"og:locale\" content=\"en_GB\" \/>\n<meta property=\"og:type\" content=\"article\" \/>\n<meta property=\"og:title\" content=\"Poranek \/ Wiecz\u00f3r z glin\u0105 -\" \/>\n<meta property=\"og:description\" content=\"O warsztatach  Poranek\/wiecz\u00f3r z glin\u0105 to \u015bwietny wyb\u00f3r je\u015bli chcesz si\u0119 zrelaksowa\u0107 przy lepieniu lub jest to Tw\u00f3j pierwszy raz. Na warsztatach nie narzucamy tematyki. Mo\u017cesz wykona\u0107 figurk\u0119, kubek, miseczk\u0119, \u015bwiecznik, podstawk\u0119 na kadzid\u0142o, a mo\u017ce masz jeszcze inny pomys\u0142? Efektem warsztat\u00f3w b\u0119dzie 1 wyr\u00f3b ozdobiony kolorowymi angobami. Spotkaniu towarzyszy\u0107 b\u0119dzie relaksacyjna muzyka, drobne przek\u0105ski oraz wino\/kompot\/kawa i herbata.  Warsztaty skierowane s\u0105 zar\u00f3wno dla os\u00f3b pocz\u0105tkuj\u0105cych jak i \u015bredniozaawansowanych, kt\u00f3re chcia\u0142yby kreatywnie sp\u0119dzi\u0107 czas w pracowni.\" \/>\n<meta property=\"og:url\" content=\"https:\/\/lykoceramika.pl\/en\/product\/wieczor-z-glina\/\" \/>\n<meta property=\"article:publisher\" content=\"https:\/\/www.facebook.com\/lykostudio.ceramika\" \/>\n<meta property=\"article:modified_time\" content=\"2026-04-17T10:18:32+00:00\" \/>\n<meta property=\"og:image\" content=\"https:\/\/lykoceramika.pl\/wp-content\/uploads\/2023\/07\/htd.jpg\" \/>\n\t<meta property=\"og:image:width\" content=\"1536\" \/>\n\t<meta property=\"og:image:height\" content=\"1536\" \/>\n\t<meta property=\"og:image:type\" content=\"image\/jpeg\" \/>\n<meta name=\"twitter:card\" content=\"summary_large_image\" \/>\n<meta name=\"twitter:label1\" content=\"Estimated reading time\" \/>\n\t<meta name=\"twitter:data1\" content=\"2 minutes\" \/>\n<script type=\"application\/ld+json\" class=\"yoast-schema-graph\">{\"@context\":\"https:\\\/\\\/schema.org\",\"@graph\":[{\"@type\":\"WebPage\",\"@id\":\"https:\\\/\\\/lykoceramika.pl\\\/produkt\\\/wieczor-z-glina\\\/\",\"url\":\"https:\\\/\\\/lykoceramika.pl\\\/produkt\\\/wieczor-z-glina\\\/\",\"name\":\"Poranek \\\/ Wiecz\u00f3r z glin\u0105 -\",\"isPartOf\":{\"@id\":\"https:\\\/\\\/lykoceramika.pl\\\/#website\"},\"primaryImageOfPage\":{\"@id\":\"https:\\\/\\\/lykoceramika.pl\\\/produkt\\\/wieczor-z-glina\\\/#primaryimage\"},\"image\":{\"@id\":\"https:\\\/\\\/lykoceramika.pl\\\/produkt\\\/wieczor-z-glina\\\/#primaryimage\"},\"thumbnailUrl\":\"https:\\\/\\\/lykoceramika.pl\\\/wp-content\\\/uploads\\\/2023\\\/07\\\/htd.jpg\",\"datePublished\":\"2023-09-09T18:44:20+00:00\",\"dateModified\":\"2026-04-17T10:18:32+00:00\",\"breadcrumb\":{\"@id\":\"https:\\\/\\\/lykoceramika.pl\\\/produkt\\\/wieczor-z-glina\\\/#breadcrumb\"},\"inLanguage\":\"en-GB\",\"potentialAction\":[{\"@type\":\"ReadAction\",\"target\":[\"https:\\\/\\\/lykoceramika.pl\\\/produkt\\\/wieczor-z-glina\\\/\"]}]},{\"@type\":\"ImageObject\",\"inLanguage\":\"en-GB\",\"@id\":\"https:\\\/\\\/lykoceramika.pl\\\/produkt\\\/wieczor-z-glina\\\/#primaryimage\",\"url\":\"https:\\\/\\\/lykoceramika.pl\\\/wp-content\\\/uploads\\\/2023\\\/07\\\/htd.jpg\",\"contentUrl\":\"https:\\\/\\\/lykoceramika.pl\\\/wp-content\\\/uploads\\\/2023\\\/07\\\/htd.jpg\",\"width\":1536,\"height\":1536},{\"@type\":\"BreadcrumbList\",\"@id\":\"https:\\\/\\\/lykoceramika.pl\\\/produkt\\\/wieczor-z-glina\\\/#breadcrumb\",\"itemListElement\":[{\"@type\":\"ListItem\",\"position\":1,\"name\":\"Strona g\u0142\u00f3wna\",\"item\":\"https:\\\/\\\/lykoceramika.pl\\\/\"},{\"@type\":\"ListItem\",\"position\":2,\"name\":\"WARSZTATY\",\"item\":\"https:\\\/\\\/lykoceramika.pl\\\/warsztaty\\\/\"},{\"@type\":\"ListItem\",\"position\":3,\"name\":\"Poranek \\\/ Wiecz\u00f3r z glin\u0105\"}]},{\"@type\":\"WebSite\",\"@id\":\"https:\\\/\\\/lykoceramika.pl\\\/#website\",\"url\":\"https:\\\/\\\/lykoceramika.pl\\\/\",\"name\":\"https:\\\/\\\/lykoceramika.pl\\\/\",\"description\":\"\",\"publisher\":{\"@id\":\"https:\\\/\\\/lykoceramika.pl\\\/#organization\"},\"potentialAction\":[{\"@type\":\"SearchAction\",\"target\":{\"@type\":\"EntryPoint\",\"urlTemplate\":\"https:\\\/\\\/lykoceramika.pl\\\/?s={search_term_string}\"},\"query-input\":{\"@type\":\"PropertyValueSpecification\",\"valueRequired\":true,\"valueName\":\"search_term_string\"}}],\"inLanguage\":\"en-GB\"},{\"@type\":\"Organization\",\"@id\":\"https:\\\/\\\/lykoceramika.pl\\\/#organization\",\"name\":\"\u0141YKO ceramika\",\"url\":\"https:\\\/\\\/lykoceramika.pl\\\/\",\"logo\":{\"@type\":\"ImageObject\",\"inLanguage\":\"en-GB\",\"@id\":\"https:\\\/\\\/lykoceramika.pl\\\/#\\\/schema\\\/logo\\\/image\\\/\",\"url\":\"https:\\\/\\\/lykoceramika.pl\\\/wp-content\\\/uploads\\\/2023\\\/09\\\/lyko-logo.png\",\"contentUrl\":\"https:\\\/\\\/lykoceramika.pl\\\/wp-content\\\/uploads\\\/2023\\\/09\\\/lyko-logo.png\",\"width\":600,\"height\":250,\"caption\":\"\u0141YKO ceramika\"},\"image\":{\"@id\":\"https:\\\/\\\/lykoceramika.pl\\\/#\\\/schema\\\/logo\\\/image\\\/\"},\"sameAs\":[\"https:\\\/\\\/www.facebook.com\\\/lykostudio.ceramika\",\"https:\\\/\\\/www.instagram.com\\\/lyko.ceramika\\\/\",\"https:\\\/\\\/www.tiktok.com\\\/@lykoceramika\"]}]}<\/script>\n<!-- \/ Yoast SEO plugin. -->","yoast_head_json":{"title":"Poranek \/ Wiecz\u00f3r z glin\u0105 -","robots":{"index":"index","follow":"follow","max-snippet":"max-snippet:-1","max-image-preview":"max-image-preview:large","max-video-preview":"max-video-preview:-1"},"canonical":"https:\/\/lykoceramika.pl\/en\/product\/wieczor-z-glina\/","og_locale":"en_GB","og_type":"article","og_title":"Poranek \/ Wiecz\u00f3r z glin\u0105 -","og_description":"O warsztatach  Poranek\/wiecz\u00f3r z glin\u0105 to \u015bwietny wyb\u00f3r je\u015bli chcesz si\u0119 zrelaksowa\u0107 przy lepieniu lub jest to Tw\u00f3j pierwszy raz. Na warsztatach nie narzucamy tematyki. Mo\u017cesz wykona\u0107 figurk\u0119, kubek, miseczk\u0119, \u015bwiecznik, podstawk\u0119 na kadzid\u0142o, a mo\u017ce masz jeszcze inny pomys\u0142? Efektem warsztat\u00f3w b\u0119dzie 1 wyr\u00f3b ozdobiony kolorowymi angobami. Spotkaniu towarzyszy\u0107 b\u0119dzie relaksacyjna muzyka, drobne przek\u0105ski oraz wino\/kompot\/kawa i herbata.  Warsztaty skierowane s\u0105 zar\u00f3wno dla os\u00f3b pocz\u0105tkuj\u0105cych jak i \u015bredniozaawansowanych, kt\u00f3re chcia\u0142yby kreatywnie sp\u0119dzi\u0107 czas w pracowni.","og_url":"https:\/\/lykoceramika.pl\/en\/product\/wieczor-z-glina\/","article_publisher":"https:\/\/www.facebook.com\/lykostudio.ceramika","article_modified_time":"2026-04-17T10:18:32+00:00","og_image":[{"width":1536,"height":1536,"url":"https:\/\/lykoceramika.pl\/wp-content\/uploads\/2023\/07\/htd.jpg","type":"image\/jpeg"}],"twitter_card":"summary_large_image","twitter_misc":{"Estimated reading time":"2 minutes"},"schema":{"@context":"https:\/\/schema.org","@graph":[{"@type":"WebPage","@id":"https:\/\/lykoceramika.pl\/produkt\/wieczor-z-glina\/","url":"https:\/\/lykoceramika.pl\/produkt\/wieczor-z-glina\/","name":"Poranek \/ Wiecz\u00f3r z glin\u0105 -","isPartOf":{"@id":"https:\/\/lykoceramika.pl\/#website"},"primaryImageOfPage":{"@id":"https:\/\/lykoceramika.pl\/produkt\/wieczor-z-glina\/#primaryimage"},"image":{"@id":"https:\/\/lykoceramika.pl\/produkt\/wieczor-z-glina\/#primaryimage"},"thumbnailUrl":"https:\/\/lykoceramika.pl\/wp-content\/uploads\/2023\/07\/htd.jpg","datePublished":"2023-09-09T18:44:20+00:00","dateModified":"2026-04-17T10:18:32+00:00","breadcrumb":{"@id":"https:\/\/lykoceramika.pl\/produkt\/wieczor-z-glina\/#breadcrumb"},"inLanguage":"en-GB","potentialAction":[{"@type":"ReadAction","target":["https:\/\/lykoceramika.pl\/produkt\/wieczor-z-glina\/"]}]},{"@type":"ImageObject","inLanguage":"en-GB","@id":"https:\/\/lykoceramika.pl\/produkt\/wieczor-z-glina\/#primaryimage","url":"https:\/\/lykoceramika.pl\/wp-content\/uploads\/2023\/07\/htd.jpg","contentUrl":"https:\/\/lykoceramika.pl\/wp-content\/uploads\/2023\/07\/htd.jpg","width":1536,"height":1536},{"@type":"BreadcrumbList","@id":"https:\/\/lykoceramika.pl\/produkt\/wieczor-z-glina\/#breadcrumb","itemListElement":[{"@type":"ListItem","position":1,"name":"Strona g\u0142\u00f3wna","item":"https:\/\/lykoceramika.pl\/"},{"@type":"ListItem","position":2,"name":"WARSZTATY","item":"https:\/\/lykoceramika.pl\/warsztaty\/"},{"@type":"ListItem","position":3,"name":"Poranek \/ Wiecz\u00f3r z glin\u0105"}]},{"@type":"WebSite","@id":"https:\/\/lykoceramika.pl\/#website","url":"https:\/\/lykoceramika.pl\/","name":"https:\/\/lykoceramika.pl\/","description":"","publisher":{"@id":"https:\/\/lykoceramika.pl\/#organization"},"potentialAction":[{"@type":"SearchAction","target":{"@type":"EntryPoint","urlTemplate":"https:\/\/lykoceramika.pl\/?s={search_term_string}"},"query-input":{"@type":"PropertyValueSpecification","valueRequired":true,"valueName":"search_term_string"}}],"inLanguage":"en-GB"},{"@type":"Organization","@id":"https:\/\/lykoceramika.pl\/#organization","name":"\u0141YKO ceramika","url":"https:\/\/lykoceramika.pl\/","logo":{"@type":"ImageObject","inLanguage":"en-GB","@id":"https:\/\/lykoceramika.pl\/#\/schema\/logo\/image\/","url":"https:\/\/lykoceramika.pl\/wp-content\/uploads\/2023\/09\/lyko-logo.png","contentUrl":"https:\/\/lykoceramika.pl\/wp-content\/uploads\/2023\/09\/lyko-logo.png","width":600,"height":250,"caption":"\u0141YKO ceramika"},"image":{"@id":"https:\/\/lykoceramika.pl\/#\/schema\/logo\/image\/"},"sameAs":["https:\/\/www.facebook.com\/lykostudio.ceramika","https:\/\/www.instagram.com\/lyko.ceramika\/","https:\/\/www.tiktok.com\/@lykoceramika"]}]}},"jetpack_sharing_enabled":true,"_links":{"self":[{"href":"https:\/\/lykoceramika.pl\/en\/wp-json\/wp\/v2\/product\/212","targetHints":{"allow":["GET"]}}],"collection":[{"href":"https:\/\/lykoceramika.pl\/en\/wp-json\/wp\/v2\/product"}],"about":[{"href":"https:\/\/lykoceramika.pl\/en\/wp-json\/wp\/v2\/types\/product"}],"wp:featuredmedia":[{"embeddable":true,"href":"https:\/\/lykoceramika.pl\/en\/wp-json\/wp\/v2\/media\/2440"}],"wp:attachment":[{"href":"https:\/\/lykoceramika.pl\/en\/wp-json\/wp\/v2\/media?parent=212"}],"wp:term":[{"taxonomy":"product_brand","embeddable":true,"href":"https:\/\/lykoceramika.pl\/en\/wp-json\/wp\/v2\/product_brand?post=212"},{"taxonomy":"product_cat","embeddable":true,"href":"https:\/\/lykoceramika.pl\/en\/wp-json\/wp\/v2\/product_cat?post=212"},{"taxonomy":"product_tag","embeddable":true,"href":"https:\/\/lykoceramika.pl\/en\/wp-json\/wp\/v2\/product_tag?post=212"}],"curies":[{"name":"wp","href":"https:\/\/api.w.org\/{rel}","templated":true}]}}