{"id":2381,"date":"2025-12-14T23:40:44","date_gmt":"2025-12-14T22:40:44","guid":{"rendered":"https:\/\/lykoceramika.pl\/?post_type=product&#038;p=2381"},"modified":"2026-04-14T18:21:30","modified_gmt":"2026-04-14T16:21:30","slug":"malowanie-ceramiki","status":"publish","type":"product","link":"https:\/\/lykoceramika.pl\/en\/product\/malowanie-ceramiki\/","title":{"rendered":"Ceramic painting"},"content":{"rendered":"<p><strong>Workshop schedule:<br \/>\n<\/strong>1) You choose your favorite ceramic piece (so-called bisque).<br \/>\n2) You paint it using special underglaze paints\/glazes.<br \/>\n3) You leave your artwork with us.<br \/>\n4) We fire it in a professional ceramic kiln in our studio.<br \/>\n5) You pick up your finished, durable ceramic piece!<\/p>\n<p><strong>Who is it for?<br \/>\n<\/strong>These workshops are for absolutely everyone. They are suitable for both adults and children (children must be accompanied by an adult). No experience is required!<\/p>\n<p><strong>Workshop duration:<\/strong><\/p>\n<p>You have 2 hours to paint your selected ceramic piece. If there is still space available after that time, you\u2019re welcome to stay longer \ud83d\ude42<\/p>\n<p><strong>Fees:<br \/>\n<\/strong>Registration fee: 50 PLN per person.\nAn additional fee applies on-site for the selected ceramic item, depending on its shape and size. For example: small bowl\/mug with handle: 100\u2013140 PLN, plate: 120\u2013160 PLN, bowl: 100\u2013200 PLN<\/p>\n<p><strong>Additional Information:<br \/>\n<\/strong>After the workshop, the pieces are coated with a transparent glaze and fired in a professional ceramic kiln. The finished works will be ready for pickup after approximately 2 weeks.<\/p>","protected":false},"excerpt":{"rendered":"<p><strong>About<\/strong><\/p>\n<p class=\"p3\"><span class=\"s2\">Pick your piece, paint it your way, we\u2019ll fire it for you \u2014 then you just come back and collect your finished ceramic!<\/span><\/p>\n<p class=\"p3\"><span class=\"s2\">Registration fee: 50 PLN. An additional fee will be charged on-site for the selected item. We offer a variety of ceramic pieces to choose from: small bowls, mugs, bowls, and plates!\u00a0<\/span><\/p>\n<p>Relaxing music and a hot cup of coffee or tea will make your painting time even more enjoyable.<\/p>","protected":false},"featured_media":2716,"template":"","meta":[],"product_brand":[],"product_cat":[19],"product_tag":[],"class_list":{"0":"post-2381","1":"product","2":"type-product","3":"status-publish","4":"has-post-thumbnail","6":"product_cat-warsztaty","8":"first","9":"instock","10":"taxable","11":"shipping-taxable","12":"purchasable","13":"product-type-variable"},"yoast_head":"<!-- This site is optimized with the Yoast SEO plugin v27.4 - https:\/\/yoast.com\/product\/yoast-seo-wordpress\/ -->\n<title>Malowanie ceramiki -<\/title>\n<meta name=\"robots\" content=\"index, follow, max-snippet:-1, max-image-preview:large, max-video-preview:-1\" \/>\n<link rel=\"canonical\" href=\"https:\/\/lykoceramika.pl\/en\/product\/malowanie-ceramiki\/\" \/>\n<meta property=\"og:locale\" content=\"en_GB\" \/>\n<meta property=\"og:type\" content=\"article\" \/>\n<meta property=\"og:title\" content=\"Malowanie ceramiki -\" \/>\n<meta property=\"og:description\" content=\"O spotkaniach Wybierasz form\u0119, malujesz, my wypalamy - Ty odbierasz gotow\u0105 ceramik\u0119! Wpisowe 50 z\u0142. Dodatkowo na miejscu b\u0119dziemy pobiera\u0107 op\u0142at\u0119 za wybrane naczynie. Do wyboru mamy r\u00f3\u017cne wzory naczy\u0144. Czarki, kubki, miseczki, talerze!\u00a0 Czas malowania umili Wam relaksuj\u0105ca muzyka i gor\u0105ca kawa lub herbata.\" \/>\n<meta property=\"og:url\" content=\"https:\/\/lykoceramika.pl\/en\/product\/malowanie-ceramiki\/\" \/>\n<meta property=\"article:publisher\" content=\"https:\/\/www.facebook.com\/lykostudio.ceramika\" \/>\n<meta property=\"article:modified_time\" content=\"2026-04-14T16:21:30+00:00\" \/>\n<meta property=\"og:image\" content=\"https:\/\/lykoceramika.pl\/wp-content\/uploads\/2025\/12\/DZCXZ.jpg\" \/>\n\t<meta property=\"og:image:width\" content=\"1536\" \/>\n\t<meta property=\"og:image:height\" content=\"1536\" \/>\n\t<meta property=\"og:image:type\" content=\"image\/jpeg\" \/>\n<meta name=\"twitter:card\" content=\"summary_large_image\" \/>\n<meta name=\"twitter:label1\" content=\"Estimated reading time\" \/>\n\t<meta name=\"twitter:data1\" content=\"2 minutes\" \/>\n<script type=\"application\/ld+json\" class=\"yoast-schema-graph\">{\"@context\":\"https:\\\/\\\/schema.org\",\"@graph\":[{\"@type\":\"WebPage\",\"@id\":\"https:\\\/\\\/lykoceramika.pl\\\/produkt\\\/malowanie-ceramiki\\\/\",\"url\":\"https:\\\/\\\/lykoceramika.pl\\\/produkt\\\/malowanie-ceramiki\\\/\",\"name\":\"Malowanie ceramiki -\",\"isPartOf\":{\"@id\":\"https:\\\/\\\/lykoceramika.pl\\\/#website\"},\"primaryImageOfPage\":{\"@id\":\"https:\\\/\\\/lykoceramika.pl\\\/produkt\\\/malowanie-ceramiki\\\/#primaryimage\"},\"image\":{\"@id\":\"https:\\\/\\\/lykoceramika.pl\\\/produkt\\\/malowanie-ceramiki\\\/#primaryimage\"},\"thumbnailUrl\":\"https:\\\/\\\/lykoceramika.pl\\\/wp-content\\\/uploads\\\/2025\\\/12\\\/DZCXZ.jpg\",\"datePublished\":\"2025-12-14T22:40:44+00:00\",\"dateModified\":\"2026-04-14T16:21:30+00:00\",\"breadcrumb\":{\"@id\":\"https:\\\/\\\/lykoceramika.pl\\\/produkt\\\/malowanie-ceramiki\\\/#breadcrumb\"},\"inLanguage\":\"en-GB\",\"potentialAction\":[{\"@type\":\"ReadAction\",\"target\":[\"https:\\\/\\\/lykoceramika.pl\\\/produkt\\\/malowanie-ceramiki\\\/\"]}]},{\"@type\":\"ImageObject\",\"inLanguage\":\"en-GB\",\"@id\":\"https:\\\/\\\/lykoceramika.pl\\\/produkt\\\/malowanie-ceramiki\\\/#primaryimage\",\"url\":\"https:\\\/\\\/lykoceramika.pl\\\/wp-content\\\/uploads\\\/2025\\\/12\\\/DZCXZ.jpg\",\"contentUrl\":\"https:\\\/\\\/lykoceramika.pl\\\/wp-content\\\/uploads\\\/2025\\\/12\\\/DZCXZ.jpg\",\"width\":1536,\"height\":1536},{\"@type\":\"BreadcrumbList\",\"@id\":\"https:\\\/\\\/lykoceramika.pl\\\/produkt\\\/malowanie-ceramiki\\\/#breadcrumb\",\"itemListElement\":[{\"@type\":\"ListItem\",\"position\":1,\"name\":\"Strona g\u0142\u00f3wna\",\"item\":\"https:\\\/\\\/lykoceramika.pl\\\/\"},{\"@type\":\"ListItem\",\"position\":2,\"name\":\"WARSZTATY\",\"item\":\"https:\\\/\\\/lykoceramika.pl\\\/warsztaty\\\/\"},{\"@type\":\"ListItem\",\"position\":3,\"name\":\"Malowanie ceramiki\"}]},{\"@type\":\"WebSite\",\"@id\":\"https:\\\/\\\/lykoceramika.pl\\\/#website\",\"url\":\"https:\\\/\\\/lykoceramika.pl\\\/\",\"name\":\"https:\\\/\\\/lykoceramika.pl\\\/\",\"description\":\"\",\"publisher\":{\"@id\":\"https:\\\/\\\/lykoceramika.pl\\\/#organization\"},\"potentialAction\":[{\"@type\":\"SearchAction\",\"target\":{\"@type\":\"EntryPoint\",\"urlTemplate\":\"https:\\\/\\\/lykoceramika.pl\\\/?s={search_term_string}\"},\"query-input\":{\"@type\":\"PropertyValueSpecification\",\"valueRequired\":true,\"valueName\":\"search_term_string\"}}],\"inLanguage\":\"en-GB\"},{\"@type\":\"Organization\",\"@id\":\"https:\\\/\\\/lykoceramika.pl\\\/#organization\",\"name\":\"\u0141YKO ceramika\",\"url\":\"https:\\\/\\\/lykoceramika.pl\\\/\",\"logo\":{\"@type\":\"ImageObject\",\"inLanguage\":\"en-GB\",\"@id\":\"https:\\\/\\\/lykoceramika.pl\\\/#\\\/schema\\\/logo\\\/image\\\/\",\"url\":\"https:\\\/\\\/lykoceramika.pl\\\/wp-content\\\/uploads\\\/2023\\\/09\\\/lyko-logo.png\",\"contentUrl\":\"https:\\\/\\\/lykoceramika.pl\\\/wp-content\\\/uploads\\\/2023\\\/09\\\/lyko-logo.png\",\"width\":600,\"height\":250,\"caption\":\"\u0141YKO ceramika\"},\"image\":{\"@id\":\"https:\\\/\\\/lykoceramika.pl\\\/#\\\/schema\\\/logo\\\/image\\\/\"},\"sameAs\":[\"https:\\\/\\\/www.facebook.com\\\/lykostudio.ceramika\",\"https:\\\/\\\/www.instagram.com\\\/lyko.ceramika\\\/\",\"https:\\\/\\\/www.tiktok.com\\\/@lykoceramika\"]}]}<\/script>\n<!-- \/ Yoast SEO plugin. -->","yoast_head_json":{"title":"Malowanie ceramiki -","robots":{"index":"index","follow":"follow","max-snippet":"max-snippet:-1","max-image-preview":"max-image-preview:large","max-video-preview":"max-video-preview:-1"},"canonical":"https:\/\/lykoceramika.pl\/en\/product\/malowanie-ceramiki\/","og_locale":"en_GB","og_type":"article","og_title":"Malowanie ceramiki -","og_description":"O spotkaniach Wybierasz form\u0119, malujesz, my wypalamy - Ty odbierasz gotow\u0105 ceramik\u0119! Wpisowe 50 z\u0142. Dodatkowo na miejscu b\u0119dziemy pobiera\u0107 op\u0142at\u0119 za wybrane naczynie. Do wyboru mamy r\u00f3\u017cne wzory naczy\u0144. Czarki, kubki, miseczki, talerze!\u00a0 Czas malowania umili Wam relaksuj\u0105ca muzyka i gor\u0105ca kawa lub herbata.","og_url":"https:\/\/lykoceramika.pl\/en\/product\/malowanie-ceramiki\/","article_publisher":"https:\/\/www.facebook.com\/lykostudio.ceramika","article_modified_time":"2026-04-14T16:21:30+00:00","og_image":[{"width":1536,"height":1536,"url":"https:\/\/lykoceramika.pl\/wp-content\/uploads\/2025\/12\/DZCXZ.jpg","type":"image\/jpeg"}],"twitter_card":"summary_large_image","twitter_misc":{"Estimated reading time":"2 minutes"},"schema":{"@context":"https:\/\/schema.org","@graph":[{"@type":"WebPage","@id":"https:\/\/lykoceramika.pl\/produkt\/malowanie-ceramiki\/","url":"https:\/\/lykoceramika.pl\/produkt\/malowanie-ceramiki\/","name":"Malowanie ceramiki -","isPartOf":{"@id":"https:\/\/lykoceramika.pl\/#website"},"primaryImageOfPage":{"@id":"https:\/\/lykoceramika.pl\/produkt\/malowanie-ceramiki\/#primaryimage"},"image":{"@id":"https:\/\/lykoceramika.pl\/produkt\/malowanie-ceramiki\/#primaryimage"},"thumbnailUrl":"https:\/\/lykoceramika.pl\/wp-content\/uploads\/2025\/12\/DZCXZ.jpg","datePublished":"2025-12-14T22:40:44+00:00","dateModified":"2026-04-14T16:21:30+00:00","breadcrumb":{"@id":"https:\/\/lykoceramika.pl\/produkt\/malowanie-ceramiki\/#breadcrumb"},"inLanguage":"en-GB","potentialAction":[{"@type":"ReadAction","target":["https:\/\/lykoceramika.pl\/produkt\/malowanie-ceramiki\/"]}]},{"@type":"ImageObject","inLanguage":"en-GB","@id":"https:\/\/lykoceramika.pl\/produkt\/malowanie-ceramiki\/#primaryimage","url":"https:\/\/lykoceramika.pl\/wp-content\/uploads\/2025\/12\/DZCXZ.jpg","contentUrl":"https:\/\/lykoceramika.pl\/wp-content\/uploads\/2025\/12\/DZCXZ.jpg","width":1536,"height":1536},{"@type":"BreadcrumbList","@id":"https:\/\/lykoceramika.pl\/produkt\/malowanie-ceramiki\/#breadcrumb","itemListElement":[{"@type":"ListItem","position":1,"name":"Strona g\u0142\u00f3wna","item":"https:\/\/lykoceramika.pl\/"},{"@type":"ListItem","position":2,"name":"WARSZTATY","item":"https:\/\/lykoceramika.pl\/warsztaty\/"},{"@type":"ListItem","position":3,"name":"Malowanie ceramiki"}]},{"@type":"WebSite","@id":"https:\/\/lykoceramika.pl\/#website","url":"https:\/\/lykoceramika.pl\/","name":"https:\/\/lykoceramika.pl\/","description":"","publisher":{"@id":"https:\/\/lykoceramika.pl\/#organization"},"potentialAction":[{"@type":"SearchAction","target":{"@type":"EntryPoint","urlTemplate":"https:\/\/lykoceramika.pl\/?s={search_term_string}"},"query-input":{"@type":"PropertyValueSpecification","valueRequired":true,"valueName":"search_term_string"}}],"inLanguage":"en-GB"},{"@type":"Organization","@id":"https:\/\/lykoceramika.pl\/#organization","name":"\u0141YKO ceramika","url":"https:\/\/lykoceramika.pl\/","logo":{"@type":"ImageObject","inLanguage":"en-GB","@id":"https:\/\/lykoceramika.pl\/#\/schema\/logo\/image\/","url":"https:\/\/lykoceramika.pl\/wp-content\/uploads\/2023\/09\/lyko-logo.png","contentUrl":"https:\/\/lykoceramika.pl\/wp-content\/uploads\/2023\/09\/lyko-logo.png","width":600,"height":250,"caption":"\u0141YKO ceramika"},"image":{"@id":"https:\/\/lykoceramika.pl\/#\/schema\/logo\/image\/"},"sameAs":["https:\/\/www.facebook.com\/lykostudio.ceramika","https:\/\/www.instagram.com\/lyko.ceramika\/","https:\/\/www.tiktok.com\/@lykoceramika"]}]}},"jetpack_sharing_enabled":true,"_links":{"self":[{"href":"https:\/\/lykoceramika.pl\/en\/wp-json\/wp\/v2\/product\/2381","targetHints":{"allow":["GET"]}}],"collection":[{"href":"https:\/\/lykoceramika.pl\/en\/wp-json\/wp\/v2\/product"}],"about":[{"href":"https:\/\/lykoceramika.pl\/en\/wp-json\/wp\/v2\/types\/product"}],"wp:featuredmedia":[{"embeddable":true,"href":"https:\/\/lykoceramika.pl\/en\/wp-json\/wp\/v2\/media\/2716"}],"wp:attachment":[{"href":"https:\/\/lykoceramika.pl\/en\/wp-json\/wp\/v2\/media?parent=2381"}],"wp:term":[{"taxonomy":"product_brand","embeddable":true,"href":"https:\/\/lykoceramika.pl\/en\/wp-json\/wp\/v2\/product_brand?post=2381"},{"taxonomy":"product_cat","embeddable":true,"href":"https:\/\/lykoceramika.pl\/en\/wp-json\/wp\/v2\/product_cat?post=2381"},{"taxonomy":"product_tag","embeddable":true,"href":"https:\/\/lykoceramika.pl\/en\/wp-json\/wp\/v2\/product_tag?post=2381"}],"curies":[{"name":"wp","href":"https:\/\/api.w.org\/{rel}","templated":true}]}}