{"id":306,"date":"2023-09-18T15:21:21","date_gmt":"2023-09-18T13:21:21","guid":{"rendered":"https:\/\/lykoceramika.pl\/?post_type=product&#038;p=306"},"modified":"2026-03-26T14:37:52","modified_gmt":"2026-03-26T13:37:52","slug":"karnet","status":"publish","type":"product","link":"https:\/\/lykoceramika.pl\/en\/product\/karnet\/","title":{"rendered":"Coworking pass \u2013 ceramics studio"},"content":{"rendered":"<p><strong>Duration<br \/>\n<\/strong>Single entry - 2 hours<\/p>\n<p><strong>Dates<br \/>\n<\/strong>Spotykamy si\u0119 we wtorki 18.00-20.00 i \u015brody 18.30-20.30. Obowi\u0105zuj\u0105 wcze\u015bniejsze zapisy przez aplikacj\u0119 <strong><a href=\"https:\/\/app.fitssey.com\/LYKOceramika\">Fitssey<\/a><\/strong><\/p>\n<p><strong>Cost<br \/>\n<\/strong>150 z\u0142 &#8211; pojedyncze wej\u015bcie<br \/>\n450 z\u0142 &#8211; karnet na 4 wej\u015bcia wa\u017cny przez 2 miesi\u0105ce<\/p>\n<p>&nbsp;<\/p>\n<p>&nbsp;<\/p>","protected":false},"excerpt":{"rendered":"<p><strong>About<\/strong><\/p>\n<p>For those interested in more frequent encounters with clay, we meet weekly (and sometimes even more often) for collaborative sculpting. The sessions within the pass involve casual sculpting\/turning and glazing at a large table. The classes take the form of an open studio and are focused on independent work on individual projects.<\/p>\n<p>The pass is intended for individuals who have previously worked with clay and are familiar with basic techniques of sculpting\/wheel throwing and glazing.<\/p>\n<p><strong><a href=\"mailto:studio@lykoceramika.pl\">Get in touch with us!<\/a><\/strong><\/p>","protected":false},"featured_media":550,"template":"","meta":[],"product_brand":[],"product_cat":[28,19],"product_tag":[],"class_list":{"0":"post-306","1":"product","2":"type-product","3":"status-publish","4":"has-post-thumbnail","6":"product_cat-uslugi","7":"product_cat-warsztaty","9":"first","10":"onbackorder","11":"taxable","12":"shipping-taxable","13":"product-type-simple"},"yoast_head":"<!-- This site is optimized with the Yoast SEO plugin v27.4 - https:\/\/yoast.com\/product\/yoast-seo-wordpress\/ -->\n<title>Karnet - ceramiczny cowork -<\/title>\n<meta name=\"robots\" content=\"index, follow, max-snippet:-1, max-image-preview:large, max-video-preview:-1\" \/>\n<link rel=\"canonical\" href=\"https:\/\/lykoceramika.pl\/en\/product\/karnet\/\" \/>\n<meta property=\"og:locale\" content=\"en_GB\" \/>\n<meta property=\"og:type\" content=\"article\" \/>\n<meta property=\"og:title\" content=\"Karnet - ceramiczny cowork -\" \/>\n<meta property=\"og:description\" content=\"O spotkaniach  Dla ch\u0119tnych cz\u0119stszych spotka\u0144 z glin\u0105 spotykamy si\u0119 co tydzie\u0144 (a nawet cz\u0119\u015bciej) na wsp\u00f3lnym lepieniu. Spotkania w ramach karnetu to lu\u017ane lepienie\/toczenie i szkliwienie przy du\u017cym stole. Zaj\u0119cia maj\u0105 form\u0119 otwartej pracowni i s\u0105 ukierunkowane na samodzieln\u0105 prac\u0119 nad indywidualnymi projektami.  Karnet skierowany jest do os\u00f3b, kt\u00f3re mia\u0142y ju\u017c wcze\u015bniej kontakt z glin\u0105 i znaj\u0105 podstawowe techniki lepienia\/toczenia na kole i szkliwienia.  Skontaktuj si\u0119 z nami!\" \/>\n<meta property=\"og:url\" content=\"https:\/\/lykoceramika.pl\/en\/product\/karnet\/\" \/>\n<meta property=\"article:publisher\" content=\"https:\/\/www.facebook.com\/lykostudio.ceramika\" \/>\n<meta property=\"article:modified_time\" content=\"2026-03-26T13:37:52+00:00\" \/>\n<meta property=\"og:image\" content=\"https:\/\/lykoceramika.pl\/wp-content\/uploads\/2023\/07\/cz-b.jpg\" \/>\n\t<meta property=\"og:image:width\" content=\"750\" \/>\n\t<meta property=\"og:image:height\" content=\"750\" \/>\n\t<meta property=\"og:image:type\" content=\"image\/jpeg\" \/>\n<meta name=\"twitter:card\" content=\"summary_large_image\" \/>\n<meta name=\"twitter:label1\" content=\"Estimated reading time\" \/>\n\t<meta name=\"twitter:data1\" content=\"1 minute\" \/>\n<script type=\"application\/ld+json\" class=\"yoast-schema-graph\">{\"@context\":\"https:\\\/\\\/schema.org\",\"@graph\":[{\"@type\":\"WebPage\",\"@id\":\"https:\\\/\\\/lykoceramika.pl\\\/produkt\\\/karnet\\\/\",\"url\":\"https:\\\/\\\/lykoceramika.pl\\\/produkt\\\/karnet\\\/\",\"name\":\"Karnet - ceramiczny cowork -\",\"isPartOf\":{\"@id\":\"https:\\\/\\\/lykoceramika.pl\\\/#website\"},\"primaryImageOfPage\":{\"@id\":\"https:\\\/\\\/lykoceramika.pl\\\/produkt\\\/karnet\\\/#primaryimage\"},\"image\":{\"@id\":\"https:\\\/\\\/lykoceramika.pl\\\/produkt\\\/karnet\\\/#primaryimage\"},\"thumbnailUrl\":\"https:\\\/\\\/lykoceramika.pl\\\/wp-content\\\/uploads\\\/2023\\\/07\\\/cz-b.jpg\",\"datePublished\":\"2023-09-18T13:21:21+00:00\",\"dateModified\":\"2026-03-26T13:37:52+00:00\",\"breadcrumb\":{\"@id\":\"https:\\\/\\\/lykoceramika.pl\\\/produkt\\\/karnet\\\/#breadcrumb\"},\"inLanguage\":\"en-GB\",\"potentialAction\":[{\"@type\":\"ReadAction\",\"target\":[\"https:\\\/\\\/lykoceramika.pl\\\/produkt\\\/karnet\\\/\"]}]},{\"@type\":\"ImageObject\",\"inLanguage\":\"en-GB\",\"@id\":\"https:\\\/\\\/lykoceramika.pl\\\/produkt\\\/karnet\\\/#primaryimage\",\"url\":\"https:\\\/\\\/lykoceramika.pl\\\/wp-content\\\/uploads\\\/2023\\\/07\\\/cz-b.jpg\",\"contentUrl\":\"https:\\\/\\\/lykoceramika.pl\\\/wp-content\\\/uploads\\\/2023\\\/07\\\/cz-b.jpg\",\"width\":750,\"height\":750},{\"@type\":\"BreadcrumbList\",\"@id\":\"https:\\\/\\\/lykoceramika.pl\\\/produkt\\\/karnet\\\/#breadcrumb\",\"itemListElement\":[{\"@type\":\"ListItem\",\"position\":1,\"name\":\"Strona g\u0142\u00f3wna\",\"item\":\"https:\\\/\\\/lykoceramika.pl\\\/\"},{\"@type\":\"ListItem\",\"position\":2,\"name\":\"WARSZTATY\",\"item\":\"https:\\\/\\\/lykoceramika.pl\\\/warsztaty\\\/\"},{\"@type\":\"ListItem\",\"position\":3,\"name\":\"Karnet &#8211; ceramiczny cowork\"}]},{\"@type\":\"WebSite\",\"@id\":\"https:\\\/\\\/lykoceramika.pl\\\/#website\",\"url\":\"https:\\\/\\\/lykoceramika.pl\\\/\",\"name\":\"https:\\\/\\\/lykoceramika.pl\\\/\",\"description\":\"\",\"publisher\":{\"@id\":\"https:\\\/\\\/lykoceramika.pl\\\/#organization\"},\"potentialAction\":[{\"@type\":\"SearchAction\",\"target\":{\"@type\":\"EntryPoint\",\"urlTemplate\":\"https:\\\/\\\/lykoceramika.pl\\\/?s={search_term_string}\"},\"query-input\":{\"@type\":\"PropertyValueSpecification\",\"valueRequired\":true,\"valueName\":\"search_term_string\"}}],\"inLanguage\":\"en-GB\"},{\"@type\":\"Organization\",\"@id\":\"https:\\\/\\\/lykoceramika.pl\\\/#organization\",\"name\":\"\u0141YKO ceramika\",\"url\":\"https:\\\/\\\/lykoceramika.pl\\\/\",\"logo\":{\"@type\":\"ImageObject\",\"inLanguage\":\"en-GB\",\"@id\":\"https:\\\/\\\/lykoceramika.pl\\\/#\\\/schema\\\/logo\\\/image\\\/\",\"url\":\"https:\\\/\\\/lykoceramika.pl\\\/wp-content\\\/uploads\\\/2023\\\/09\\\/lyko-logo.png\",\"contentUrl\":\"https:\\\/\\\/lykoceramika.pl\\\/wp-content\\\/uploads\\\/2023\\\/09\\\/lyko-logo.png\",\"width\":600,\"height\":250,\"caption\":\"\u0141YKO ceramika\"},\"image\":{\"@id\":\"https:\\\/\\\/lykoceramika.pl\\\/#\\\/schema\\\/logo\\\/image\\\/\"},\"sameAs\":[\"https:\\\/\\\/www.facebook.com\\\/lykostudio.ceramika\",\"https:\\\/\\\/www.instagram.com\\\/lyko.ceramika\\\/\",\"https:\\\/\\\/www.tiktok.com\\\/@lykoceramika\"]}]}<\/script>\n<!-- \/ Yoast SEO plugin. -->","yoast_head_json":{"title":"Karnet - ceramiczny cowork -","robots":{"index":"index","follow":"follow","max-snippet":"max-snippet:-1","max-image-preview":"max-image-preview:large","max-video-preview":"max-video-preview:-1"},"canonical":"https:\/\/lykoceramika.pl\/en\/product\/karnet\/","og_locale":"en_GB","og_type":"article","og_title":"Karnet - ceramiczny cowork -","og_description":"O spotkaniach  Dla ch\u0119tnych cz\u0119stszych spotka\u0144 z glin\u0105 spotykamy si\u0119 co tydzie\u0144 (a nawet cz\u0119\u015bciej) na wsp\u00f3lnym lepieniu. Spotkania w ramach karnetu to lu\u017ane lepienie\/toczenie i szkliwienie przy du\u017cym stole. Zaj\u0119cia maj\u0105 form\u0119 otwartej pracowni i s\u0105 ukierunkowane na samodzieln\u0105 prac\u0119 nad indywidualnymi projektami.  Karnet skierowany jest do os\u00f3b, kt\u00f3re mia\u0142y ju\u017c wcze\u015bniej kontakt z glin\u0105 i znaj\u0105 podstawowe techniki lepienia\/toczenia na kole i szkliwienia.  Skontaktuj si\u0119 z nami!","og_url":"https:\/\/lykoceramika.pl\/en\/product\/karnet\/","article_publisher":"https:\/\/www.facebook.com\/lykostudio.ceramika","article_modified_time":"2026-03-26T13:37:52+00:00","og_image":[{"width":750,"height":750,"url":"https:\/\/lykoceramika.pl\/wp-content\/uploads\/2023\/07\/cz-b.jpg","type":"image\/jpeg"}],"twitter_card":"summary_large_image","twitter_misc":{"Estimated reading time":"1 minute"},"schema":{"@context":"https:\/\/schema.org","@graph":[{"@type":"WebPage","@id":"https:\/\/lykoceramika.pl\/produkt\/karnet\/","url":"https:\/\/lykoceramika.pl\/produkt\/karnet\/","name":"Karnet - ceramiczny cowork -","isPartOf":{"@id":"https:\/\/lykoceramika.pl\/#website"},"primaryImageOfPage":{"@id":"https:\/\/lykoceramika.pl\/produkt\/karnet\/#primaryimage"},"image":{"@id":"https:\/\/lykoceramika.pl\/produkt\/karnet\/#primaryimage"},"thumbnailUrl":"https:\/\/lykoceramika.pl\/wp-content\/uploads\/2023\/07\/cz-b.jpg","datePublished":"2023-09-18T13:21:21+00:00","dateModified":"2026-03-26T13:37:52+00:00","breadcrumb":{"@id":"https:\/\/lykoceramika.pl\/produkt\/karnet\/#breadcrumb"},"inLanguage":"en-GB","potentialAction":[{"@type":"ReadAction","target":["https:\/\/lykoceramika.pl\/produkt\/karnet\/"]}]},{"@type":"ImageObject","inLanguage":"en-GB","@id":"https:\/\/lykoceramika.pl\/produkt\/karnet\/#primaryimage","url":"https:\/\/lykoceramika.pl\/wp-content\/uploads\/2023\/07\/cz-b.jpg","contentUrl":"https:\/\/lykoceramika.pl\/wp-content\/uploads\/2023\/07\/cz-b.jpg","width":750,"height":750},{"@type":"BreadcrumbList","@id":"https:\/\/lykoceramika.pl\/produkt\/karnet\/#breadcrumb","itemListElement":[{"@type":"ListItem","position":1,"name":"Strona g\u0142\u00f3wna","item":"https:\/\/lykoceramika.pl\/"},{"@type":"ListItem","position":2,"name":"WARSZTATY","item":"https:\/\/lykoceramika.pl\/warsztaty\/"},{"@type":"ListItem","position":3,"name":"Karnet &#8211; ceramiczny cowork"}]},{"@type":"WebSite","@id":"https:\/\/lykoceramika.pl\/#website","url":"https:\/\/lykoceramika.pl\/","name":"https:\/\/lykoceramika.pl\/","description":"","publisher":{"@id":"https:\/\/lykoceramika.pl\/#organization"},"potentialAction":[{"@type":"SearchAction","target":{"@type":"EntryPoint","urlTemplate":"https:\/\/lykoceramika.pl\/?s={search_term_string}"},"query-input":{"@type":"PropertyValueSpecification","valueRequired":true,"valueName":"search_term_string"}}],"inLanguage":"en-GB"},{"@type":"Organization","@id":"https:\/\/lykoceramika.pl\/#organization","name":"\u0141YKO ceramika","url":"https:\/\/lykoceramika.pl\/","logo":{"@type":"ImageObject","inLanguage":"en-GB","@id":"https:\/\/lykoceramika.pl\/#\/schema\/logo\/image\/","url":"https:\/\/lykoceramika.pl\/wp-content\/uploads\/2023\/09\/lyko-logo.png","contentUrl":"https:\/\/lykoceramika.pl\/wp-content\/uploads\/2023\/09\/lyko-logo.png","width":600,"height":250,"caption":"\u0141YKO ceramika"},"image":{"@id":"https:\/\/lykoceramika.pl\/#\/schema\/logo\/image\/"},"sameAs":["https:\/\/www.facebook.com\/lykostudio.ceramika","https:\/\/www.instagram.com\/lyko.ceramika\/","https:\/\/www.tiktok.com\/@lykoceramika"]}]}},"jetpack_sharing_enabled":true,"_links":{"self":[{"href":"https:\/\/lykoceramika.pl\/en\/wp-json\/wp\/v2\/product\/306","targetHints":{"allow":["GET"]}}],"collection":[{"href":"https:\/\/lykoceramika.pl\/en\/wp-json\/wp\/v2\/product"}],"about":[{"href":"https:\/\/lykoceramika.pl\/en\/wp-json\/wp\/v2\/types\/product"}],"wp:featuredmedia":[{"embeddable":true,"href":"https:\/\/lykoceramika.pl\/en\/wp-json\/wp\/v2\/media\/550"}],"wp:attachment":[{"href":"https:\/\/lykoceramika.pl\/en\/wp-json\/wp\/v2\/media?parent=306"}],"wp:term":[{"taxonomy":"product_brand","embeddable":true,"href":"https:\/\/lykoceramika.pl\/en\/wp-json\/wp\/v2\/product_brand?post=306"},{"taxonomy":"product_cat","embeddable":true,"href":"https:\/\/lykoceramika.pl\/en\/wp-json\/wp\/v2\/product_cat?post=306"},{"taxonomy":"product_tag","embeddable":true,"href":"https:\/\/lykoceramika.pl\/en\/wp-json\/wp\/v2\/product_tag?post=306"}],"curies":[{"name":"wp","href":"https:\/\/api.w.org\/{rel}","templated":true}]}}