{"id":315,"date":"2023-09-18T15:35:29","date_gmt":"2023-09-18T13:35:29","guid":{"rendered":"https:\/\/lykoceramika.pl\/?post_type=product&#038;p=315"},"modified":"2026-02-18T22:44:54","modified_gmt":"2026-02-18T21:44:54","slug":"wieczor-panienski","status":"publish","type":"product","link":"https:\/\/lykoceramika.pl\/en\/product\/wieczor-panienski\/","title":{"rendered":"Bachelorette party in Cracow - creative workshops"},"content":{"rendered":"<p><strong>Czas na co\u015b nowego! Kreatywny wiecz\u00f3r panie\u0144ski zamiast imprezy w klubie<br \/>\n<\/strong>Coraz wi\u0119cej os\u00f3b odchodzi od tradycyjnego scenariusza wieczoru panie\u0144skiego na rzecz bardziej spersonalizowanych i anga\u017cuj\u0105cych atrakcji. Zamiast g\u0142o\u015bnej muzyki czy t\u0142um\u00f3w, wybieramy wsp\u00f3lne prze\u017cycia, kt\u00f3re zacie\u015bniaj\u0105 wi\u0119zi i pozostawiaj\u0105 po sobie co\u015b wi\u0119cej ni\u017c tylko wspomnienie dobrej zabawy. Aktywne formy sp\u0119dzania czasu, takie jak warsztaty, staj\u0105 si\u0119 hitem. W\u015br\u00f3d nich kr\u00f3luj\u0105 te, kt\u00f3re umo\u017cliwiaj\u0105 uwolnienie pok\u0142ad\u00f3w kreatywno\u015bci. I tu w\u0142a\u015bnie na scen\u0119 wkracza ceramika.<\/p>\n<p><strong>Jak zorganizowa\u0107 wiecz\u00f3r panie\u0144ski w naszej pracowni ceramicznej?<br \/>\n<\/strong>Organizacja takiego wydarzenia jest prostsza, ni\u017c my\u015blisz. Wszystkie szczeg\u00f3\u0142y ustalane s\u0105 indywidualnie, aby w pe\u0142ni dopasowa\u0107 si\u0119 do Waszych potrzeb. Mo\u017cecie zorganizowa\u0107 spotkanie w naszej pracowni lub, je\u015bli macie inny pomys\u0142 na lokalizacj\u0119, istnieje mo\u017cliwo\u015b\u0107 zorganizowania warsztat\u00f3w poza ni\u0105.<\/p>\n<p>Wsp\u00f3\u0142pracujemy z fantastycznymi krakowskimi kawiarniami, takimi jak MOCAK caf\u00e9 czy Charlotte. Je\u015bli Wasza grupa liczy wi\u0119cej ni\u017c 10 os\u00f3b, to przenosimy spotkanie do kt\u00f3rej\u015b z tych lokalizacji. Umo\u017cliwia to po\u0142\u0105czenie kreatywnej zabawy z klimatycznym wyj\u015bciem na miasto. Taka integracja to \u015bwietny spos\u00f3b na tw\u00f3rcze sp\u0119dzenie czasu w wyj\u0105tkowym gronie. Wystarczy, \u017ce zbierzesz grup\u0119, a my zajmiemy si\u0119 reszt\u0105, zapewniaj\u0105c niezapomnian\u0105 atmosfer\u0119 i \u015bwietn\u0105 zabaw\u0119. Nasze warsztaty to idealna propozycja dla ka\u017cdej grupy, kt\u00f3ra szuka czego\u015b wi\u0119cej.<\/p>\n<p><strong>Co po warsztatach? Kreatywny pocz\u0105tek idealnego wieczoru<br \/>\n<\/strong>Warsztaty ceramiczne nie musz\u0105 by\u0107 jedyn\u0105 atrakcj\u0105 wieczoru \u2013 mog\u0105 stanowi\u0107 jego idealny, relaksuj\u0105cy pocz\u0105tek. Po dw\u00f3ch godzinach tw\u00f3rczej zabawy, z poczuciem satysfakcji i gotowymi projektami, kt\u00f3re po wypaleniu stan\u0105 si\u0119 Wasz\u0105 w\u0142asno\u015bci\u0105, mo\u017cecie kontynuowa\u0107 \u015bwi\u0119towanie. Taki wiecz\u00f3r z glin\u0105 wspaniale nastraja na reszt\u0119 wieczoru. Pe\u0142ne pozytywnej energii mo\u017cecie uda\u0107 si\u0119 na eleganck\u0105 kolacj\u0119, degustacj\u0119 wina czy po prostu na spacer po urokliwych uliczkach Kazimierza lub Rynku G\u0142\u00f3wnego. To scenariusz, kt\u00f3ry \u0142\u0105czy w sobie spok\u00f3j, kreatywno\u015b\u0107 i rado\u015b\u0107 bycia razem \u2013 czyli wszystko, co w tym dniu jest najwa\u017cniejsze.<\/p>\n<p><strong>Dlaczego Krak\u00f3w to idealne miasto na wiecz\u00f3r panie\u0144ski?<br \/>\n<\/strong>Krak\u00f3w to miasto, kt\u00f3re t\u0119tni \u017cyciem o ka\u017cdej porze \u2013 w dzie\u0144 i w nocy. Historyczne uliczki, klimatyczne knajpki i bogata oferta kulturalna sprawiaj\u0105, \u017ce ka\u017cda grupa znajdzie tu co\u015b dla siebie. Jednak prawdziwa magia tkwi w r\u00f3\u017cnorodno\u015bci.<\/p>\n<p>Opr\u00f3cz popularnych klub\u00f3w i bar\u00f3w miasto kryje w sobie mn\u00f3stwo kreatywnych przestrzeni, kt\u00f3re oferuj\u0105 zupe\u0142nie nowe podej\u015bcie do \u015bwi\u0119towania. To idealne miejsce, by odej\u015b\u0107 od utartych schemat\u00f3w. W Krakowie mo\u017cesz z \u0142atwo\u015bci\u0105 zorganizowa\u0107 wiecz\u00f3r, kt\u00f3ry b\u0119dzie idealnie dopasowany do charakteru Panny M\u0142odej \u2013 zw\u0142aszcza je\u015bli ceni sobie ona oryginalno\u015b\u0107, spok\u00f3j i czas sp\u0119dzony w gronie najbli\u017cszych przyjaci\u00f3\u0142ek.<\/p>\n<p>Je\u015bli szukasz pomys\u0142u na wiecz\u00f3r panie\u0144ski w Krakowie, kt\u00f3ry na d\u0142ugo zapadnie w pami\u0119\u0107 przysz\u0142ej Pannie M\u0142odej i wszystkim uczestniczkom \u2013 postaw na kreatywno\u015b\u0107. Zrezygnuj z utartych szlak\u00f3w na rzecz do\u015bwiadczenia, kt\u00f3re Was po\u0142\u0105czy i pozostawi po sobie pi\u0119kn\u0105, materialn\u0105 pami\u0105tk\u0119. Skontaktuj si\u0119 z nami \u2013 stw\u00f3rzmy razem wiecz\u00f3r idealny!<\/p>","protected":false},"excerpt":{"rendered":"<p><strong>Jak zaplanowa\u0107 kreatywny wiecz\u00f3r panie\u0144ski w Krakowie?<br \/>\n<\/strong>Organizacja tego jednego, wyj\u0105tkowego wieczoru dla przysz\u0142ej Panny M\u0142odej to nie lada wyzwanie. Zamiast kolejnej imprezy w klubie warto postawi\u0107 na co\u015b, co pozwoli Wam naprawd\u0119 poby\u0107 razem, zrelaksowa\u0107 si\u0119 i stworzy\u0107 co\u015b trwa\u0142ego.<\/p>\n<p>Warsztaty ceramiczne to \u015bwietny spos\u00f3b na dobr\u0105 zabaw\u0119 i kreatywne sp\u0119dzenie czasu. W trakcie tych zaj\u0119\u0107 ka\u017cda z Was wykona w\u0142asne, niepowtarzalne przedmioty lub naczynia. Po obr\u00f3bce naczynia te b\u0119d\u0105 stanowi\u0107 pi\u0119kn\u0105 pami\u0105tk\u0119 tego wyj\u0105tkowego spotkania. Brzmi dobrze? W takim razie wiecz\u00f3r panie\u0144ski na <a href=\"https:\/\/lykoceramika.pl\/en\/warsztaty\/\" target=\"_blank\" rel=\"noopener\">warsztatach z ceramiki<\/a> to strza\u0142 w dziesi\u0105tk\u0119! Istnieje te\u017c mo\u017cliwo\u015b\u0107 zorganizowania zaj\u0119\u0107 poza nasz\u0105 pracowni\u0105, np. w wynaj\u0119tej przez Was lokacji lub jednej z naszych zaprzyja\u017anionych kawiarni.<\/p>\n<p><strong>Warsztaty ceramiczne \u2013 pami\u0105tka, relaks i \u015bwietna zabawa w jednym<br \/>\n<\/strong>Wyobra\u017a to sobie \u2013 kameralna atmosfera pracowni, w tle leci relaksacyjna muzyka, na stole czekaj\u0105 przek\u0105ski i wino. W \u015brodku tego jeste\u015bcie Wy \u2013 zanurzone w tw\u00f3rczym procesie, lepicie z gliny w\u0142asne, unikalne naczynia.<\/p>\n<p>Wiecz\u00f3r panie\u0144ski w pracowni ceramicznej to przepis na niezapomniane chwile. To czas na rozmowy, \u015bmiech i oderwanie si\u0119 od codzienno\u015bci. Co najwa\u017cniejsze, nie musicie mie\u0107 \u017cadnego do\u015bwiadczenia! Warsztaty s\u0105 prowadzone w taki spos\u00f3b, \u017ce ka\u017cdy \u2013 nawet osoba, kt\u00f3ra ma pierwszy raz do czynienia z glin\u0105 \u2013 stworzy co\u015b pi\u0119knego. Mo\u017ce to by\u0107 kubek na porann\u0105 kaw\u0119, miseczka na bi\u017cuteri\u0119 czy fantazyjna figurka. Ka\u017cdy z tych przedmiot\u00f3w stanie si\u0119 namacaln\u0105 pami\u0105tk\u0105 tego wyj\u0105tkowego dnia.<\/p>\n<p><strong><a href=\"mailto:studio@lykoceramika.pl\">Get in touch with us!<\/a><\/strong><\/p>","protected":false},"featured_media":1394,"template":"","meta":[],"product_brand":[],"product_cat":[19],"product_tag":[],"class_list":{"0":"post-315","1":"product","2":"type-product","3":"status-publish","4":"has-post-thumbnail","6":"product_cat-warsztaty","8":"first","9":"onbackorder","10":"virtual","11":"taxable","12":"product-type-simple"},"yoast_head":"<!-- This site is optimized with the Yoast SEO plugin v27.4 - https:\/\/yoast.com\/product\/yoast-seo-wordpress\/ -->\n<title>Wiecz\u00f3r panie\u0144ski Krak\u00f3w - warsztaty ceramiczne jako pomys\u0142 na panie\u0144ski | \u0141YKO Ceramika<\/title>\n<meta name=\"description\" content=\"Zorganizuj wyj\u0105tkowy wiecz\u00f3r panie\u0144ski w Krakowie - kreatywne warsztaty ceramiczne, pakiety dla grup, vouchery i rezerwacje online. Sprawd\u017a dost\u0119pno\u015b\u0107!\" \/>\n<meta name=\"robots\" content=\"index, follow, max-snippet:-1, max-image-preview:large, max-video-preview:-1\" \/>\n<link rel=\"canonical\" href=\"https:\/\/lykoceramika.pl\/en\/product\/wieczor-panienski\/\" \/>\n<meta property=\"og:locale\" content=\"en_GB\" \/>\n<meta property=\"og:type\" content=\"article\" \/>\n<meta property=\"og:title\" content=\"Wiecz\u00f3r panie\u0144ski Krak\u00f3w - warsztaty ceramiczne jako pomys\u0142 na panie\u0144ski | \u0141YKO Ceramika\" \/>\n<meta property=\"og:description\" content=\"Zorganizuj wyj\u0105tkowy wiecz\u00f3r panie\u0144ski w Krakowie - kreatywne warsztaty ceramiczne, pakiety dla grup, vouchery i rezerwacje online. Sprawd\u017a dost\u0119pno\u015b\u0107!\" \/>\n<meta property=\"og:url\" content=\"https:\/\/lykoceramika.pl\/en\/product\/wieczor-panienski\/\" \/>\n<meta property=\"article:publisher\" content=\"https:\/\/www.facebook.com\/lykostudio.ceramika\" \/>\n<meta property=\"article:modified_time\" content=\"2026-02-18T21:44:54+00:00\" \/>\n<meta property=\"og:image\" content=\"https:\/\/lykoceramika.pl\/wp-content\/uploads\/2023\/09\/IMG_4765.jpg\" \/>\n\t<meta property=\"og:image:width\" content=\"2124\" \/>\n\t<meta property=\"og:image:height\" content=\"2124\" \/>\n\t<meta property=\"og:image:type\" content=\"image\/jpeg\" \/>\n<meta name=\"twitter:card\" content=\"summary_large_image\" \/>\n<meta name=\"twitter:label1\" content=\"Estimated reading time\" \/>\n\t<meta name=\"twitter:data1\" content=\"3 minutes\" \/>\n<script type=\"application\/ld+json\" class=\"yoast-schema-graph\">{\"@context\":\"https:\\\/\\\/schema.org\",\"@graph\":[{\"@type\":\"WebPage\",\"@id\":\"https:\\\/\\\/lykoceramika.pl\\\/produkt\\\/wieczor-panienski\\\/\",\"url\":\"https:\\\/\\\/lykoceramika.pl\\\/produkt\\\/wieczor-panienski\\\/\",\"name\":\"Wiecz\u00f3r panie\u0144ski Krak\u00f3w - warsztaty ceramiczne jako pomys\u0142 na panie\u0144ski | \u0141YKO Ceramika\",\"isPartOf\":{\"@id\":\"https:\\\/\\\/lykoceramika.pl\\\/#website\"},\"primaryImageOfPage\":{\"@id\":\"https:\\\/\\\/lykoceramika.pl\\\/produkt\\\/wieczor-panienski\\\/#primaryimage\"},\"image\":{\"@id\":\"https:\\\/\\\/lykoceramika.pl\\\/produkt\\\/wieczor-panienski\\\/#primaryimage\"},\"thumbnailUrl\":\"https:\\\/\\\/lykoceramika.pl\\\/wp-content\\\/uploads\\\/2023\\\/09\\\/IMG_4765.jpg\",\"datePublished\":\"2023-09-18T13:35:29+00:00\",\"dateModified\":\"2026-02-18T21:44:54+00:00\",\"description\":\"Zorganizuj wyj\u0105tkowy wiecz\u00f3r panie\u0144ski w Krakowie - kreatywne warsztaty ceramiczne, pakiety dla grup, vouchery i rezerwacje online. Sprawd\u017a dost\u0119pno\u015b\u0107!\",\"breadcrumb\":{\"@id\":\"https:\\\/\\\/lykoceramika.pl\\\/produkt\\\/wieczor-panienski\\\/#breadcrumb\"},\"inLanguage\":\"en-GB\",\"potentialAction\":[{\"@type\":\"ReadAction\",\"target\":[\"https:\\\/\\\/lykoceramika.pl\\\/produkt\\\/wieczor-panienski\\\/\"]}]},{\"@type\":\"ImageObject\",\"inLanguage\":\"en-GB\",\"@id\":\"https:\\\/\\\/lykoceramika.pl\\\/produkt\\\/wieczor-panienski\\\/#primaryimage\",\"url\":\"https:\\\/\\\/lykoceramika.pl\\\/wp-content\\\/uploads\\\/2023\\\/09\\\/IMG_4765.jpg\",\"contentUrl\":\"https:\\\/\\\/lykoceramika.pl\\\/wp-content\\\/uploads\\\/2023\\\/09\\\/IMG_4765.jpg\",\"width\":2124,\"height\":2124},{\"@type\":\"BreadcrumbList\",\"@id\":\"https:\\\/\\\/lykoceramika.pl\\\/produkt\\\/wieczor-panienski\\\/#breadcrumb\",\"itemListElement\":[{\"@type\":\"ListItem\",\"position\":1,\"name\":\"Strona g\u0142\u00f3wna\",\"item\":\"https:\\\/\\\/lykoceramika.pl\\\/\"},{\"@type\":\"ListItem\",\"position\":2,\"name\":\"WARSZTATY\",\"item\":\"https:\\\/\\\/lykoceramika.pl\\\/warsztaty\\\/\"},{\"@type\":\"ListItem\",\"position\":3,\"name\":\"Wiecz\u00f3r panie\u0144ski w Krakowie &#8211; kreatywne warsztaty ceramiczne\"}]},{\"@type\":\"WebSite\",\"@id\":\"https:\\\/\\\/lykoceramika.pl\\\/#website\",\"url\":\"https:\\\/\\\/lykoceramika.pl\\\/\",\"name\":\"https:\\\/\\\/lykoceramika.pl\\\/\",\"description\":\"\",\"publisher\":{\"@id\":\"https:\\\/\\\/lykoceramika.pl\\\/#organization\"},\"potentialAction\":[{\"@type\":\"SearchAction\",\"target\":{\"@type\":\"EntryPoint\",\"urlTemplate\":\"https:\\\/\\\/lykoceramika.pl\\\/?s={search_term_string}\"},\"query-input\":{\"@type\":\"PropertyValueSpecification\",\"valueRequired\":true,\"valueName\":\"search_term_string\"}}],\"inLanguage\":\"en-GB\"},{\"@type\":\"Organization\",\"@id\":\"https:\\\/\\\/lykoceramika.pl\\\/#organization\",\"name\":\"\u0141YKO ceramika\",\"url\":\"https:\\\/\\\/lykoceramika.pl\\\/\",\"logo\":{\"@type\":\"ImageObject\",\"inLanguage\":\"en-GB\",\"@id\":\"https:\\\/\\\/lykoceramika.pl\\\/#\\\/schema\\\/logo\\\/image\\\/\",\"url\":\"https:\\\/\\\/lykoceramika.pl\\\/wp-content\\\/uploads\\\/2023\\\/09\\\/lyko-logo.png\",\"contentUrl\":\"https:\\\/\\\/lykoceramika.pl\\\/wp-content\\\/uploads\\\/2023\\\/09\\\/lyko-logo.png\",\"width\":600,\"height\":250,\"caption\":\"\u0141YKO ceramika\"},\"image\":{\"@id\":\"https:\\\/\\\/lykoceramika.pl\\\/#\\\/schema\\\/logo\\\/image\\\/\"},\"sameAs\":[\"https:\\\/\\\/www.facebook.com\\\/lykostudio.ceramika\",\"https:\\\/\\\/www.instagram.com\\\/lyko.ceramika\\\/\",\"https:\\\/\\\/www.tiktok.com\\\/@lykoceramika\"]}]}<\/script>\n<!-- \/ Yoast SEO plugin. -->","yoast_head_json":{"title":"Wiecz\u00f3r panie\u0144ski Krak\u00f3w - warsztaty ceramiczne jako pomys\u0142 na panie\u0144ski | \u0141YKO Ceramika","description":"Zorganizuj wyj\u0105tkowy wiecz\u00f3r panie\u0144ski w Krakowie - kreatywne warsztaty ceramiczne, pakiety dla grup, vouchery i rezerwacje online. Sprawd\u017a dost\u0119pno\u015b\u0107!","robots":{"index":"index","follow":"follow","max-snippet":"max-snippet:-1","max-image-preview":"max-image-preview:large","max-video-preview":"max-video-preview:-1"},"canonical":"https:\/\/lykoceramika.pl\/en\/product\/wieczor-panienski\/","og_locale":"en_GB","og_type":"article","og_title":"Wiecz\u00f3r panie\u0144ski Krak\u00f3w - warsztaty ceramiczne jako pomys\u0142 na panie\u0144ski | \u0141YKO Ceramika","og_description":"Zorganizuj wyj\u0105tkowy wiecz\u00f3r panie\u0144ski w Krakowie - kreatywne warsztaty ceramiczne, pakiety dla grup, vouchery i rezerwacje online. Sprawd\u017a dost\u0119pno\u015b\u0107!","og_url":"https:\/\/lykoceramika.pl\/en\/product\/wieczor-panienski\/","article_publisher":"https:\/\/www.facebook.com\/lykostudio.ceramika","article_modified_time":"2026-02-18T21:44:54+00:00","og_image":[{"width":2124,"height":2124,"url":"https:\/\/lykoceramika.pl\/wp-content\/uploads\/2023\/09\/IMG_4765.jpg","type":"image\/jpeg"}],"twitter_card":"summary_large_image","twitter_misc":{"Estimated reading time":"3 minutes"},"schema":{"@context":"https:\/\/schema.org","@graph":[{"@type":"WebPage","@id":"https:\/\/lykoceramika.pl\/produkt\/wieczor-panienski\/","url":"https:\/\/lykoceramika.pl\/produkt\/wieczor-panienski\/","name":"Wiecz\u00f3r panie\u0144ski Krak\u00f3w - warsztaty ceramiczne jako pomys\u0142 na panie\u0144ski | \u0141YKO Ceramika","isPartOf":{"@id":"https:\/\/lykoceramika.pl\/#website"},"primaryImageOfPage":{"@id":"https:\/\/lykoceramika.pl\/produkt\/wieczor-panienski\/#primaryimage"},"image":{"@id":"https:\/\/lykoceramika.pl\/produkt\/wieczor-panienski\/#primaryimage"},"thumbnailUrl":"https:\/\/lykoceramika.pl\/wp-content\/uploads\/2023\/09\/IMG_4765.jpg","datePublished":"2023-09-18T13:35:29+00:00","dateModified":"2026-02-18T21:44:54+00:00","description":"Zorganizuj wyj\u0105tkowy wiecz\u00f3r panie\u0144ski w Krakowie - kreatywne warsztaty ceramiczne, pakiety dla grup, vouchery i rezerwacje online. Sprawd\u017a dost\u0119pno\u015b\u0107!","breadcrumb":{"@id":"https:\/\/lykoceramika.pl\/produkt\/wieczor-panienski\/#breadcrumb"},"inLanguage":"en-GB","potentialAction":[{"@type":"ReadAction","target":["https:\/\/lykoceramika.pl\/produkt\/wieczor-panienski\/"]}]},{"@type":"ImageObject","inLanguage":"en-GB","@id":"https:\/\/lykoceramika.pl\/produkt\/wieczor-panienski\/#primaryimage","url":"https:\/\/lykoceramika.pl\/wp-content\/uploads\/2023\/09\/IMG_4765.jpg","contentUrl":"https:\/\/lykoceramika.pl\/wp-content\/uploads\/2023\/09\/IMG_4765.jpg","width":2124,"height":2124},{"@type":"BreadcrumbList","@id":"https:\/\/lykoceramika.pl\/produkt\/wieczor-panienski\/#breadcrumb","itemListElement":[{"@type":"ListItem","position":1,"name":"Strona g\u0142\u00f3wna","item":"https:\/\/lykoceramika.pl\/"},{"@type":"ListItem","position":2,"name":"WARSZTATY","item":"https:\/\/lykoceramika.pl\/warsztaty\/"},{"@type":"ListItem","position":3,"name":"Wiecz\u00f3r panie\u0144ski w Krakowie &#8211; kreatywne warsztaty ceramiczne"}]},{"@type":"WebSite","@id":"https:\/\/lykoceramika.pl\/#website","url":"https:\/\/lykoceramika.pl\/","name":"https:\/\/lykoceramika.pl\/","description":"","publisher":{"@id":"https:\/\/lykoceramika.pl\/#organization"},"potentialAction":[{"@type":"SearchAction","target":{"@type":"EntryPoint","urlTemplate":"https:\/\/lykoceramika.pl\/?s={search_term_string}"},"query-input":{"@type":"PropertyValueSpecification","valueRequired":true,"valueName":"search_term_string"}}],"inLanguage":"en-GB"},{"@type":"Organization","@id":"https:\/\/lykoceramika.pl\/#organization","name":"\u0141YKO ceramika","url":"https:\/\/lykoceramika.pl\/","logo":{"@type":"ImageObject","inLanguage":"en-GB","@id":"https:\/\/lykoceramika.pl\/#\/schema\/logo\/image\/","url":"https:\/\/lykoceramika.pl\/wp-content\/uploads\/2023\/09\/lyko-logo.png","contentUrl":"https:\/\/lykoceramika.pl\/wp-content\/uploads\/2023\/09\/lyko-logo.png","width":600,"height":250,"caption":"\u0141YKO ceramika"},"image":{"@id":"https:\/\/lykoceramika.pl\/#\/schema\/logo\/image\/"},"sameAs":["https:\/\/www.facebook.com\/lykostudio.ceramika","https:\/\/www.instagram.com\/lyko.ceramika\/","https:\/\/www.tiktok.com\/@lykoceramika"]}]}},"jetpack_sharing_enabled":true,"_links":{"self":[{"href":"https:\/\/lykoceramika.pl\/en\/wp-json\/wp\/v2\/product\/315","targetHints":{"allow":["GET"]}}],"collection":[{"href":"https:\/\/lykoceramika.pl\/en\/wp-json\/wp\/v2\/product"}],"about":[{"href":"https:\/\/lykoceramika.pl\/en\/wp-json\/wp\/v2\/types\/product"}],"wp:featuredmedia":[{"embeddable":true,"href":"https:\/\/lykoceramika.pl\/en\/wp-json\/wp\/v2\/media\/1394"}],"wp:attachment":[{"href":"https:\/\/lykoceramika.pl\/en\/wp-json\/wp\/v2\/media?parent=315"}],"wp:term":[{"taxonomy":"product_brand","embeddable":true,"href":"https:\/\/lykoceramika.pl\/en\/wp-json\/wp\/v2\/product_brand?post=315"},{"taxonomy":"product_cat","embeddable":true,"href":"https:\/\/lykoceramika.pl\/en\/wp-json\/wp\/v2\/product_cat?post=315"},{"taxonomy":"product_tag","embeddable":true,"href":"https:\/\/lykoceramika.pl\/en\/wp-json\/wp\/v2\/product_tag?post=315"}],"curies":[{"name":"wp","href":"https:\/\/api.w.org\/{rel}","templated":true}]}}