{"id":320,"date":"2023-09-18T15:45:09","date_gmt":"2023-09-18T13:45:09","guid":{"rendered":"https:\/\/lykoceramika.pl\/?post_type=product&#038;p=320"},"modified":"2026-02-21T00:20:20","modified_gmt":"2026-02-20T23:20:20","slug":"warsztaty-we-dwoje","status":"publish","type":"product","link":"https:\/\/lykoceramika.pl\/en\/product\/warsztaty-we-dwoje\/","title":{"rendered":"Ceramics workshop for couples \u2013 a gift for two"},"content":{"rendered":"<p><strong>Warianty warsztat\u00f3w dla dwojga<br \/>\n<\/strong><strong>1. Warsztaty we dwoje<\/strong> \u2013 to nasza propozycja na intymne, prywatne spotkanie z glin\u0105. Ca\u0142a uwaga instruktora skupiona jest tylko na Was. Mo\u017cecie wybra\u0107 lepienie r\u0119czne lub spr\u00f3bowa\u0107 swoich si\u0142 na kole garncarskim. To doskona\u0142y pomys\u0142 na romantyczn\u0105, nietypow\u0105 randk\u0119, podczas kt\u00f3rej stworzycie co\u015b tylko dla Was. Decyzja, czy zabierzesz partnera, mam\u0119 czy przyjaci\u00f3\u0142k\u0119, nale\u017cy tylko do Ciebie!<\/p>\n<details>\n<summary><strong>WE DWOJE PRZY GLINIE \u2013 1 spotkanie (2 h) 690z\u0142<\/strong><\/summary>\n<p>To warsztaty lepienia i zdobienia angobami. Na zaj\u0119ciach ulepicie 1 wyr\u00f3b i nadacie mu wybranej barwy. Po warsztatach prace s\u0105 suszone, nast\u0119pnie wypalane na biskwit i przygotowane do szkliwienia. Nast\u0119pnie wyr\u00f3b zostaje pokryty szkliwem transparentnym i ponownie wypalony. Finalne prace s\u0105 gotowe do odbioru po ok. 3 tygodniach.<\/p>\n<\/details>\n<details>\n<summary><strong>WE DWOJE PRZY GLINIE \u2013 2 spotkania (2\u00d72,5 h) 1100z\u0142<\/strong><\/summary>\n<p>To kurs lepienia ze szkliwieniem. Na pierwszym spotkaniu zajmiecie si\u0119 lepieniem 2 wyrob\u00f3w, a na drugim \u2013 szkliwieniem ich. Finalne prace s\u0105 gotowe do odbioru po ok. 2 tygodniach.<\/p>\n<\/details>\n<details>\n<summary><strong>WE DWOJE NA KOLE \u2013 1 spotkanie (1,5 h) 690z\u0142<\/strong><\/summary>\n<p>To warsztaty, na kt\u00f3rych wytoczycie na kole garncarskim swoj\u0105 pierwsz\u0105 czark\u0119. Po zaj\u0119ciach prace s\u0105 suszone i wypalane na biskwit. Nast\u0119pnie przygotowujemy je do szkliwienia, pokrywamy szkliwem transparentnym i ponownie wypalamy. Finalne wyroby s\u0105 gotowe do odbioru po ok. 3 tygodniach.<\/p>\n<\/details>\n<details>\n<summary><strong>WE DWOJE NA KOLE \u2013 4 spotkania (4\u00d71,5 h) 1790z\u0142<\/strong><\/summary>\n<p>Four ceramic sessions where you\u2019ll learn the steps of building forms on the pottery wheel and working with your pieces. You\u2019ll create a bowl, a plate, and a small bowl. In the final session, you\u2019ll glaze your pieces. Final pieces will be ready for pickup in approximately 2 weeks.<\/p>\n<\/details>\n<p>&nbsp;<\/p>\n<p><strong>2. Voucher na warsztaty \u2013<\/strong> chcesz zrobi\u0107 niespodziank\u0119, ale nie znasz kalendarza obdarowywanych? Voucher to strza\u0142 w dziesi\u0105tk\u0119! Osoby obdarowane same wybior\u0105 dogodny dla siebie termin w ci\u0105gu 6 miesi\u0119cy od zakupu. To elastyczny i bezpieczny prezent, kt\u00f3ry gwarantuje rado\u015b\u0107. Mo\u017cesz wybra\u0107 kupon na konkretne warsztaty lub okre\u015blon\u0105 kwot\u0119.<\/p>\n<p><strong>3. Poranek\/wiecz\u00f3r z glin\u0105 \u2013<\/strong> szukacie pomys\u0142u na lu\u017ane, kreatywne wyj\u015bcie? Nasze <a href=\"https:\/\/lykoceramika.pl\/en\/product\/wieczor-z-glina\/\" target=\"_blank\" rel=\"noopener\">wieczory z glin\u0105<\/a> to spotkania w niewielkiej grupie. Towarzysz\u0105 im dodatkowe atrakcje, takie jak relaksacyjna muzyka, drobne przek\u0105ski i lampka wina. To \u015bwietna alternatywa dla wyj\u015bcia do kina czy restauracji i okazja do poznania innych pasjonat\u00f3w r\u0119kodzie\u0142a.<\/p>\n<p><strong>Dlaczego warsztaty ceramiczne to idealny prezent dla pary?<br \/>\n<\/strong>Zamiast kolejnego przedmiotu, podarujcie sobie prze\u017cycie, kt\u00f3re cementuje relacj\u0119 i pomaga odkry\u0107 si\u0119 na nowo.<\/p>\n<ul>\n<li>Wsp\u00f3lne tworzenie \u2013 praca z glin\u0105 to wspania\u0142a okazja do wsp\u00f3\u0142pracy, \u015bmiechu i wzajemnego wsparcia. Zobaczcie, jak Wasze pomys\u0142y nabieraj\u0105 kszta\u0142t\u00f3w.<\/li>\n<li>Ucieczka od codzienno\u015bci \u2013 zanurzcie si\u0119 w procesie tw\u00f3rczym, kt\u00f3ry wycisza, relaksuje i pozwala zapomnie\u0107 o ca\u0142ym \u015bwiecie. To prawdziwy detoks dla umys\u0142u.<\/li>\n<li>Trwa\u0142a pami\u0105tka \u2013 z warsztat\u00f3w wyjdziecie nie tylko z nowymi wspomnieniami, ale te\u017c z w\u0142asnor\u0119cznie wykonanym naczyniem \u2013 kubkiem, miseczk\u0105 czy talerzykiem. To drobiazg, kt\u00f3ry b\u0119dzie Wam przypomina\u0142 o tej wyj\u0105tkowej randce przy ka\u017cdej porannej kawie.<\/li>\n<li>Do\u015bwiadczenie dla ka\u017cdego \u2013 nie martwcie si\u0119 brakiem zdolno\u015bci artystycznych! Nasi instruktorzy poprowadz\u0105 Was krok po kroku. Ca\u0142y proces jest nastawiony na dobr\u0105 zabaw\u0119 niezale\u017cnie od poziomu zaawansowania.<\/li>\n<\/ul>\n<p><strong>Nietuzinkowy prezent na ka\u017cd\u0105 okazj\u0119<br \/>\n<\/strong>Warsztaty ceramiczne dla dwojga to uniwersalny podarunek, kt\u00f3ry sprawdzi si\u0119 idealnie jako:<\/p>\n<ul>\n<li>prezent na rocznic\u0119 \u015blubu lub zwi\u0105zku,<\/li>\n<li>wyj\u0105tkowy podarunek na Walentynki,<\/li>\n<li>niespodzianka urodzinowa dla partnera lub partnerki,<\/li>\n<li>oryginalny prezent \u015blubny dla przyjaci\u00f3\u0142,<\/li>\n<li>spos\u00f3b na kreatywn\u0105 randk\u0119 w Krakowie bez specjalnej okazji.<\/li>\n<\/ul>\n<p>Niezale\u017cnie od powodu, gwarantujemy, \u017ce czas sp\u0119dzony w naszej pracowni b\u0119dzie niezapomniany. Zapewniamy wszystkie materia\u0142y, narz\u0119dzia, profesjonalne szkliwienie i wypalenie prac. Wasze dzie\u0142a b\u0119d\u0105 w pe\u0142ni u\u017cytkowe \u2013 bezpieczne w kontakcie z \u017cywno\u015bci\u0105 i przystosowane do mycia w zmywarce.<\/p>\n<p>Podarujcie sobie wspomnienia, kt\u00f3re zostan\u0105 z Wami na lata. Wybierzcie warsztaty dla dwojga i zarezerwujcie termin ju\u017c dzi\u015b!<\/p>","protected":false},"excerpt":{"rendered":"<p><strong>Odkryjcie magi\u0119 tworzenia \u2013 wyj\u0105tkowy prezent dla dwojga w Krakowie<br \/>\n<\/strong>Szukasz pomys\u0142u na prezent dla dwojga, kt\u00f3ry b\u0119dzie czym\u015b wi\u0119cej ni\u017c kolejn\u0105 kolacj\u0105 czy materialnym upominkiem? Chcesz podarowa\u0107 bliskim \u2013 albo sobie i swojej drugiej po\u0142\u00f3wce \u2013 niezapomniane chwile, kt\u00f3re zbli\u017caj\u0105 oraz zostawiaj\u0105 po sobie trwa\u0142\u0105 pami\u0105tk\u0119? Zapomnij o oklepanych rozwi\u0105zaniach! Zapraszamy Was do \u015bwiata ceramiki, gdzie wsp\u00f3lnie stworzycie co\u015b wyj\u0105tkowego w\u0142asnymi r\u0119kami.<\/p>\n<p>Nasze warsztaty ceramiczne to idealny prezent dla dwojga. To nie tylko nauka nowej umiej\u0119tno\u015bci, ale przede wszystkim czas sp\u0119dzony razem w kreatywny i relaksuj\u0105cy spos\u00f3b. To do\u015bwiadczenie, kt\u00f3re zostanie z Wami na d\u0142u\u017cej ni\u017c smak wykwintnego dania.<\/p>\n<p>&nbsp;<\/p>","protected":false},"featured_media":535,"template":"","meta":[],"product_brand":[],"product_cat":[19],"product_tag":[],"class_list":{"0":"post-320","1":"product","2":"type-product","3":"status-publish","4":"has-post-thumbnail","6":"product_cat-warsztaty","8":"first","9":"instock","10":"taxable","11":"shipping-taxable","12":"purchasable","13":"product-type-variable"},"yoast_head":"<!-- This site is optimized with the Yoast SEO plugin v27.4 - https:\/\/yoast.com\/product\/yoast-seo-wordpress\/ -->\n<title>Warsztaty z ceramiki dla par - prezent dla dwojga -<\/title>\n<meta name=\"robots\" content=\"index, follow, max-snippet:-1, max-image-preview:large, max-video-preview:-1\" \/>\n<link rel=\"canonical\" href=\"https:\/\/lykoceramika.pl\/en\/product\/warsztaty-we-dwoje\/\" \/>\n<meta property=\"og:locale\" content=\"en_GB\" \/>\n<meta property=\"og:type\" content=\"article\" \/>\n<meta property=\"og:title\" content=\"Warsztaty z ceramiki dla par - prezent dla dwojga -\" \/>\n<meta property=\"og:description\" content=\"Odkryjcie magi\u0119 tworzenia \u2013 wyj\u0105tkowy prezent dla dwojga w Krakowie Szukasz pomys\u0142u na prezent dla dwojga, kt\u00f3ry b\u0119dzie czym\u015b wi\u0119cej ni\u017c kolejn\u0105 kolacj\u0105 czy materialnym upominkiem? Chcesz podarowa\u0107 bliskim \u2013 albo sobie i swojej drugiej po\u0142\u00f3wce \u2013 niezapomniane chwile, kt\u00f3re zbli\u017caj\u0105 oraz zostawiaj\u0105 po sobie trwa\u0142\u0105 pami\u0105tk\u0119? Zapomnij o oklepanych rozwi\u0105zaniach! Zapraszamy Was do \u015bwiata ceramiki, gdzie wsp\u00f3lnie stworzycie co\u015b wyj\u0105tkowego w\u0142asnymi r\u0119kami.  Nasze warsztaty ceramiczne to idealny prezent dla dwojga. To nie tylko nauka nowej umiej\u0119tno\u015bci, ale przede wszystkim czas sp\u0119dzony razem w kreatywny i relaksuj\u0105cy spos\u00f3b. To do\u015bwiadczenie, kt\u00f3re zostanie z Wami na d\u0142u\u017cej ni\u017c smak wykwintnego dania.  &nbsp;\" \/>\n<meta property=\"og:url\" content=\"https:\/\/lykoceramika.pl\/en\/product\/warsztaty-we-dwoje\/\" \/>\n<meta property=\"article:publisher\" content=\"https:\/\/www.facebook.com\/lykostudio.ceramika\" \/>\n<meta property=\"article:modified_time\" content=\"2026-02-20T23:20:20+00:00\" \/>\n<meta property=\"og:image\" content=\"https:\/\/lykoceramika.pl\/wp-content\/uploads\/2023\/09\/0-3.jpg\" \/>\n\t<meta property=\"og:image:width\" content=\"1610\" \/>\n\t<meta property=\"og:image:height\" content=\"1610\" \/>\n\t<meta property=\"og:image:type\" content=\"image\/jpeg\" \/>\n<meta name=\"twitter:card\" content=\"summary_large_image\" \/>\n<meta name=\"twitter:label1\" content=\"Estimated reading time\" \/>\n\t<meta name=\"twitter:data1\" content=\"4 minutes\" \/>\n<script type=\"application\/ld+json\" class=\"yoast-schema-graph\">{\"@context\":\"https:\\\/\\\/schema.org\",\"@graph\":[{\"@type\":\"WebPage\",\"@id\":\"https:\\\/\\\/lykoceramika.pl\\\/produkt\\\/warsztaty-we-dwoje\\\/\",\"url\":\"https:\\\/\\\/lykoceramika.pl\\\/produkt\\\/warsztaty-we-dwoje\\\/\",\"name\":\"Warsztaty z ceramiki dla par - prezent dla dwojga -\",\"isPartOf\":{\"@id\":\"https:\\\/\\\/lykoceramika.pl\\\/#website\"},\"primaryImageOfPage\":{\"@id\":\"https:\\\/\\\/lykoceramika.pl\\\/produkt\\\/warsztaty-we-dwoje\\\/#primaryimage\"},\"image\":{\"@id\":\"https:\\\/\\\/lykoceramika.pl\\\/produkt\\\/warsztaty-we-dwoje\\\/#primaryimage\"},\"thumbnailUrl\":\"https:\\\/\\\/lykoceramika.pl\\\/wp-content\\\/uploads\\\/2023\\\/09\\\/0-3.jpg\",\"datePublished\":\"2023-09-18T13:45:09+00:00\",\"dateModified\":\"2026-02-20T23:20:20+00:00\",\"breadcrumb\":{\"@id\":\"https:\\\/\\\/lykoceramika.pl\\\/produkt\\\/warsztaty-we-dwoje\\\/#breadcrumb\"},\"inLanguage\":\"en-GB\",\"potentialAction\":[{\"@type\":\"ReadAction\",\"target\":[\"https:\\\/\\\/lykoceramika.pl\\\/produkt\\\/warsztaty-we-dwoje\\\/\"]}]},{\"@type\":\"ImageObject\",\"inLanguage\":\"en-GB\",\"@id\":\"https:\\\/\\\/lykoceramika.pl\\\/produkt\\\/warsztaty-we-dwoje\\\/#primaryimage\",\"url\":\"https:\\\/\\\/lykoceramika.pl\\\/wp-content\\\/uploads\\\/2023\\\/09\\\/0-3.jpg\",\"contentUrl\":\"https:\\\/\\\/lykoceramika.pl\\\/wp-content\\\/uploads\\\/2023\\\/09\\\/0-3.jpg\",\"width\":1610,\"height\":1610},{\"@type\":\"BreadcrumbList\",\"@id\":\"https:\\\/\\\/lykoceramika.pl\\\/produkt\\\/warsztaty-we-dwoje\\\/#breadcrumb\",\"itemListElement\":[{\"@type\":\"ListItem\",\"position\":1,\"name\":\"Strona g\u0142\u00f3wna\",\"item\":\"https:\\\/\\\/lykoceramika.pl\\\/\"},{\"@type\":\"ListItem\",\"position\":2,\"name\":\"WARSZTATY\",\"item\":\"https:\\\/\\\/lykoceramika.pl\\\/warsztaty\\\/\"},{\"@type\":\"ListItem\",\"position\":3,\"name\":\"Warsztaty z ceramiki dla par &#8211; prezent dla dwojga\"}]},{\"@type\":\"WebSite\",\"@id\":\"https:\\\/\\\/lykoceramika.pl\\\/#website\",\"url\":\"https:\\\/\\\/lykoceramika.pl\\\/\",\"name\":\"https:\\\/\\\/lykoceramika.pl\\\/\",\"description\":\"\",\"publisher\":{\"@id\":\"https:\\\/\\\/lykoceramika.pl\\\/#organization\"},\"potentialAction\":[{\"@type\":\"SearchAction\",\"target\":{\"@type\":\"EntryPoint\",\"urlTemplate\":\"https:\\\/\\\/lykoceramika.pl\\\/?s={search_term_string}\"},\"query-input\":{\"@type\":\"PropertyValueSpecification\",\"valueRequired\":true,\"valueName\":\"search_term_string\"}}],\"inLanguage\":\"en-GB\"},{\"@type\":\"Organization\",\"@id\":\"https:\\\/\\\/lykoceramika.pl\\\/#organization\",\"name\":\"\u0141YKO ceramika\",\"url\":\"https:\\\/\\\/lykoceramika.pl\\\/\",\"logo\":{\"@type\":\"ImageObject\",\"inLanguage\":\"en-GB\",\"@id\":\"https:\\\/\\\/lykoceramika.pl\\\/#\\\/schema\\\/logo\\\/image\\\/\",\"url\":\"https:\\\/\\\/lykoceramika.pl\\\/wp-content\\\/uploads\\\/2023\\\/09\\\/lyko-logo.png\",\"contentUrl\":\"https:\\\/\\\/lykoceramika.pl\\\/wp-content\\\/uploads\\\/2023\\\/09\\\/lyko-logo.png\",\"width\":600,\"height\":250,\"caption\":\"\u0141YKO ceramika\"},\"image\":{\"@id\":\"https:\\\/\\\/lykoceramika.pl\\\/#\\\/schema\\\/logo\\\/image\\\/\"},\"sameAs\":[\"https:\\\/\\\/www.facebook.com\\\/lykostudio.ceramika\",\"https:\\\/\\\/www.instagram.com\\\/lyko.ceramika\\\/\",\"https:\\\/\\\/www.tiktok.com\\\/@lykoceramika\"]}]}<\/script>\n<!-- \/ Yoast SEO plugin. -->","yoast_head_json":{"title":"Warsztaty z ceramiki dla par - prezent dla dwojga -","robots":{"index":"index","follow":"follow","max-snippet":"max-snippet:-1","max-image-preview":"max-image-preview:large","max-video-preview":"max-video-preview:-1"},"canonical":"https:\/\/lykoceramika.pl\/en\/product\/warsztaty-we-dwoje\/","og_locale":"en_GB","og_type":"article","og_title":"Warsztaty z ceramiki dla par - prezent dla dwojga -","og_description":"Odkryjcie magi\u0119 tworzenia \u2013 wyj\u0105tkowy prezent dla dwojga w Krakowie Szukasz pomys\u0142u na prezent dla dwojga, kt\u00f3ry b\u0119dzie czym\u015b wi\u0119cej ni\u017c kolejn\u0105 kolacj\u0105 czy materialnym upominkiem? Chcesz podarowa\u0107 bliskim \u2013 albo sobie i swojej drugiej po\u0142\u00f3wce \u2013 niezapomniane chwile, kt\u00f3re zbli\u017caj\u0105 oraz zostawiaj\u0105 po sobie trwa\u0142\u0105 pami\u0105tk\u0119? Zapomnij o oklepanych rozwi\u0105zaniach! Zapraszamy Was do \u015bwiata ceramiki, gdzie wsp\u00f3lnie stworzycie co\u015b wyj\u0105tkowego w\u0142asnymi r\u0119kami.  Nasze warsztaty ceramiczne to idealny prezent dla dwojga. To nie tylko nauka nowej umiej\u0119tno\u015bci, ale przede wszystkim czas sp\u0119dzony razem w kreatywny i relaksuj\u0105cy spos\u00f3b. To do\u015bwiadczenie, kt\u00f3re zostanie z Wami na d\u0142u\u017cej ni\u017c smak wykwintnego dania.  &nbsp;","og_url":"https:\/\/lykoceramika.pl\/en\/product\/warsztaty-we-dwoje\/","article_publisher":"https:\/\/www.facebook.com\/lykostudio.ceramika","article_modified_time":"2026-02-20T23:20:20+00:00","og_image":[{"width":1610,"height":1610,"url":"https:\/\/lykoceramika.pl\/wp-content\/uploads\/2023\/09\/0-3.jpg","type":"image\/jpeg"}],"twitter_card":"summary_large_image","twitter_misc":{"Estimated reading time":"4 minutes"},"schema":{"@context":"https:\/\/schema.org","@graph":[{"@type":"WebPage","@id":"https:\/\/lykoceramika.pl\/produkt\/warsztaty-we-dwoje\/","url":"https:\/\/lykoceramika.pl\/produkt\/warsztaty-we-dwoje\/","name":"Warsztaty z ceramiki dla par - prezent dla dwojga -","isPartOf":{"@id":"https:\/\/lykoceramika.pl\/#website"},"primaryImageOfPage":{"@id":"https:\/\/lykoceramika.pl\/produkt\/warsztaty-we-dwoje\/#primaryimage"},"image":{"@id":"https:\/\/lykoceramika.pl\/produkt\/warsztaty-we-dwoje\/#primaryimage"},"thumbnailUrl":"https:\/\/lykoceramika.pl\/wp-content\/uploads\/2023\/09\/0-3.jpg","datePublished":"2023-09-18T13:45:09+00:00","dateModified":"2026-02-20T23:20:20+00:00","breadcrumb":{"@id":"https:\/\/lykoceramika.pl\/produkt\/warsztaty-we-dwoje\/#breadcrumb"},"inLanguage":"en-GB","potentialAction":[{"@type":"ReadAction","target":["https:\/\/lykoceramika.pl\/produkt\/warsztaty-we-dwoje\/"]}]},{"@type":"ImageObject","inLanguage":"en-GB","@id":"https:\/\/lykoceramika.pl\/produkt\/warsztaty-we-dwoje\/#primaryimage","url":"https:\/\/lykoceramika.pl\/wp-content\/uploads\/2023\/09\/0-3.jpg","contentUrl":"https:\/\/lykoceramika.pl\/wp-content\/uploads\/2023\/09\/0-3.jpg","width":1610,"height":1610},{"@type":"BreadcrumbList","@id":"https:\/\/lykoceramika.pl\/produkt\/warsztaty-we-dwoje\/#breadcrumb","itemListElement":[{"@type":"ListItem","position":1,"name":"Strona g\u0142\u00f3wna","item":"https:\/\/lykoceramika.pl\/"},{"@type":"ListItem","position":2,"name":"WARSZTATY","item":"https:\/\/lykoceramika.pl\/warsztaty\/"},{"@type":"ListItem","position":3,"name":"Warsztaty z ceramiki dla par &#8211; prezent dla dwojga"}]},{"@type":"WebSite","@id":"https:\/\/lykoceramika.pl\/#website","url":"https:\/\/lykoceramika.pl\/","name":"https:\/\/lykoceramika.pl\/","description":"","publisher":{"@id":"https:\/\/lykoceramika.pl\/#organization"},"potentialAction":[{"@type":"SearchAction","target":{"@type":"EntryPoint","urlTemplate":"https:\/\/lykoceramika.pl\/?s={search_term_string}"},"query-input":{"@type":"PropertyValueSpecification","valueRequired":true,"valueName":"search_term_string"}}],"inLanguage":"en-GB"},{"@type":"Organization","@id":"https:\/\/lykoceramika.pl\/#organization","name":"\u0141YKO ceramika","url":"https:\/\/lykoceramika.pl\/","logo":{"@type":"ImageObject","inLanguage":"en-GB","@id":"https:\/\/lykoceramika.pl\/#\/schema\/logo\/image\/","url":"https:\/\/lykoceramika.pl\/wp-content\/uploads\/2023\/09\/lyko-logo.png","contentUrl":"https:\/\/lykoceramika.pl\/wp-content\/uploads\/2023\/09\/lyko-logo.png","width":600,"height":250,"caption":"\u0141YKO ceramika"},"image":{"@id":"https:\/\/lykoceramika.pl\/#\/schema\/logo\/image\/"},"sameAs":["https:\/\/www.facebook.com\/lykostudio.ceramika","https:\/\/www.instagram.com\/lyko.ceramika\/","https:\/\/www.tiktok.com\/@lykoceramika"]}]}},"jetpack_sharing_enabled":true,"_links":{"self":[{"href":"https:\/\/lykoceramika.pl\/en\/wp-json\/wp\/v2\/product\/320","targetHints":{"allow":["GET"]}}],"collection":[{"href":"https:\/\/lykoceramika.pl\/en\/wp-json\/wp\/v2\/product"}],"about":[{"href":"https:\/\/lykoceramika.pl\/en\/wp-json\/wp\/v2\/types\/product"}],"wp:featuredmedia":[{"embeddable":true,"href":"https:\/\/lykoceramika.pl\/en\/wp-json\/wp\/v2\/media\/535"}],"wp:attachment":[{"href":"https:\/\/lykoceramika.pl\/en\/wp-json\/wp\/v2\/media?parent=320"}],"wp:term":[{"taxonomy":"product_brand","embeddable":true,"href":"https:\/\/lykoceramika.pl\/en\/wp-json\/wp\/v2\/product_brand?post=320"},{"taxonomy":"product_cat","embeddable":true,"href":"https:\/\/lykoceramika.pl\/en\/wp-json\/wp\/v2\/product_cat?post=320"},{"taxonomy":"product_tag","embeddable":true,"href":"https:\/\/lykoceramika.pl\/en\/wp-json\/wp\/v2\/product_tag?post=320"}],"curies":[{"name":"wp","href":"https:\/\/api.w.org\/{rel}","templated":true}]}}