{"id":333,"date":"2023-10-03T23:32:48","date_gmt":"2023-10-03T21:32:48","guid":{"rendered":"https:\/\/lykoceramika.pl\/?post_type=product&#038;p=333"},"modified":"2026-04-03T21:45:06","modified_gmt":"2026-04-03T19:45:06","slug":"toczenie-na-kole","status":"publish","type":"product","link":"https:\/\/lykoceramika.pl\/en\/product\/toczenie-na-kole\/","title":{"rendered":"Pottery wheel throwing workshops in Cracow"},"content":{"rendered":"<p><strong>Duration<br \/>\n<\/strong>1 meeting - 1,5 hours<\/p>\n<p><strong>Workshop Flow:<br \/>\n<\/strong>1. Theoretical Introduction:<br \/>\nWe\u2019ll start with a brief introduction to the world of pottery. You\u2019ll learn how to prepare clay for throwing and how to operate the pottery wheel. Then, we\u2019ll show you the step-by-step process of creating a basic bowl\u2014covering centering the clay, throwing, shaping the walls, and forming the base.<br \/>\n2. Practical Part:<br \/>\nNow it\u2019s your turn to throw! We\u2019ll be there to guide you, answer your questions, and provide assistance throughout.<\/p>\n<p><strong>Additional information!<br \/>\n<\/strong>After the workshops, your creations will be dried, double-fired in a ceramic kiln, and coated with transparent glaze. The final pieces will be ready for pickup in approximately 2-3 weeks. The chosen glazes and firing temperature allow the pottery to be food-safe and dishwasher-friendly.<\/p>\n<p>If you dream of a colorful bowl and want to glaze your work yourself, we can arrange a second session where we\u2019ll teach you how to prepare your piece for glazing and apply the glaze. You\u2019ll add your own personal touch to the finished piece.<\/p>\n<p><strong>How to prepare for the workshops?<\/strong><br \/>\nWe\u2019ll provide protective aprons during the workshops, but feel free to wear comfortable clothing that you don\u2019t mind getting dirty.\nThe studio is heated, but be prepared for cooler temperatures in winter.\nIf possible, come with short nails\u2014it\u2019s much more convenient for working on the pottery wheel. \ud83d\ude0a<\/p>\n<p><strong>Who are the workshops for?<\/strong><br \/>\nThe workshops are suitable for both beginners and intermediate participants who want to spend creatively in the studio.<\/p>\n<p><strong>Minimum number of participants:<\/strong><br \/>\n2 people. In case there are not enough participants, they will receive a proposal for a new date or a refund of the previously paid amount.<\/p>","protected":false},"excerpt":{"rendered":"<p><strong>About the workshops<\/strong><\/p>\n<p>At these workshops, you\u2019ll learn how to throw your first bowl on a pottery wheel! We\u2019ll guide you step by step through the process of preparing clay and creating a basic form. These workshops are designed for beginners, so even if you\u2019ve never worked with clay before, they\u2019re perfect for you.<\/p>","protected":false},"featured_media":2185,"template":"","meta":[],"product_brand":[],"product_cat":[19],"product_tag":[],"class_list":{"0":"post-333","1":"product","2":"type-product","3":"status-publish","4":"has-post-thumbnail","6":"product_cat-warsztaty","8":"first","9":"instock","10":"taxable","11":"shipping-taxable","12":"purchasable","13":"product-type-variable"},"yoast_head":"<!-- This site is optimized with the Yoast SEO plugin v27.4 - https:\/\/yoast.com\/product\/yoast-seo-wordpress\/ -->\n<title>Warsztaty toczenia na kole garncarskim Krak\u00f3w | \u0141YKO Ceramika<\/title>\n<meta name=\"description\" content=\"Spr\u00f3buj toczenia na kole w Krakowie - warsztaty dla pocz\u0105tkuj\u0105cych. Terminy, ceny i rezerwacje online. Zarezerwuj swoje miejsce!\" \/>\n<meta name=\"robots\" content=\"index, follow, max-snippet:-1, max-image-preview:large, max-video-preview:-1\" \/>\n<link rel=\"canonical\" href=\"https:\/\/lykoceramika.pl\/en\/product\/toczenie-na-kole\/\" \/>\n<meta property=\"og:locale\" content=\"en_GB\" \/>\n<meta property=\"og:type\" content=\"article\" \/>\n<meta property=\"og:title\" content=\"Warsztaty toczenia na kole garncarskim Krak\u00f3w | \u0141YKO Ceramika\" \/>\n<meta property=\"og:description\" content=\"Spr\u00f3buj toczenia na kole w Krakowie - warsztaty dla pocz\u0105tkuj\u0105cych. Terminy, ceny i rezerwacje online. Zarezerwuj swoje miejsce!\" \/>\n<meta property=\"og:url\" content=\"https:\/\/lykoceramika.pl\/en\/product\/toczenie-na-kole\/\" \/>\n<meta property=\"article:publisher\" content=\"https:\/\/www.facebook.com\/lykostudio.ceramika\" \/>\n<meta property=\"article:modified_time\" content=\"2026-04-03T19:45:06+00:00\" \/>\n<meta property=\"og:image\" content=\"https:\/\/lykoceramika.pl\/wp-content\/uploads\/2023\/10\/17.jpg\" \/>\n\t<meta property=\"og:image:width\" content=\"1610\" \/>\n\t<meta property=\"og:image:height\" content=\"1610\" \/>\n\t<meta property=\"og:image:type\" content=\"image\/jpeg\" \/>\n<meta name=\"twitter:card\" content=\"summary_large_image\" \/>\n<meta name=\"twitter:label1\" content=\"Estimated reading time\" \/>\n\t<meta name=\"twitter:data1\" content=\"2 minutes\" \/>\n<script type=\"application\/ld+json\" class=\"yoast-schema-graph\">{\"@context\":\"https:\\\/\\\/schema.org\",\"@graph\":[{\"@type\":\"WebPage\",\"@id\":\"https:\\\/\\\/lykoceramika.pl\\\/produkt\\\/toczenie-na-kole\\\/\",\"url\":\"https:\\\/\\\/lykoceramika.pl\\\/produkt\\\/toczenie-na-kole\\\/\",\"name\":\"Warsztaty toczenia na kole garncarskim Krak\u00f3w | \u0141YKO Ceramika\",\"isPartOf\":{\"@id\":\"https:\\\/\\\/lykoceramika.pl\\\/#website\"},\"primaryImageOfPage\":{\"@id\":\"https:\\\/\\\/lykoceramika.pl\\\/produkt\\\/toczenie-na-kole\\\/#primaryimage\"},\"image\":{\"@id\":\"https:\\\/\\\/lykoceramika.pl\\\/produkt\\\/toczenie-na-kole\\\/#primaryimage\"},\"thumbnailUrl\":\"https:\\\/\\\/lykoceramika.pl\\\/wp-content\\\/uploads\\\/2023\\\/10\\\/17.jpg\",\"datePublished\":\"2023-10-03T21:32:48+00:00\",\"dateModified\":\"2026-04-03T19:45:06+00:00\",\"description\":\"Spr\u00f3buj toczenia na kole w Krakowie - warsztaty dla pocz\u0105tkuj\u0105cych. Terminy, ceny i rezerwacje online. Zarezerwuj swoje miejsce!\",\"breadcrumb\":{\"@id\":\"https:\\\/\\\/lykoceramika.pl\\\/produkt\\\/toczenie-na-kole\\\/#breadcrumb\"},\"inLanguage\":\"en-GB\",\"potentialAction\":[{\"@type\":\"ReadAction\",\"target\":[\"https:\\\/\\\/lykoceramika.pl\\\/produkt\\\/toczenie-na-kole\\\/\"]}]},{\"@type\":\"ImageObject\",\"inLanguage\":\"en-GB\",\"@id\":\"https:\\\/\\\/lykoceramika.pl\\\/produkt\\\/toczenie-na-kole\\\/#primaryimage\",\"url\":\"https:\\\/\\\/lykoceramika.pl\\\/wp-content\\\/uploads\\\/2023\\\/10\\\/17.jpg\",\"contentUrl\":\"https:\\\/\\\/lykoceramika.pl\\\/wp-content\\\/uploads\\\/2023\\\/10\\\/17.jpg\",\"width\":1610,\"height\":1610},{\"@type\":\"BreadcrumbList\",\"@id\":\"https:\\\/\\\/lykoceramika.pl\\\/produkt\\\/toczenie-na-kole\\\/#breadcrumb\",\"itemListElement\":[{\"@type\":\"ListItem\",\"position\":1,\"name\":\"Strona g\u0142\u00f3wna\",\"item\":\"https:\\\/\\\/lykoceramika.pl\\\/\"},{\"@type\":\"ListItem\",\"position\":2,\"name\":\"WARSZTATY\",\"item\":\"https:\\\/\\\/lykoceramika.pl\\\/warsztaty\\\/\"},{\"@type\":\"ListItem\",\"position\":3,\"name\":\"Warsztaty toczenia na kole garncarskim w Krakowie\"}]},{\"@type\":\"WebSite\",\"@id\":\"https:\\\/\\\/lykoceramika.pl\\\/#website\",\"url\":\"https:\\\/\\\/lykoceramika.pl\\\/\",\"name\":\"https:\\\/\\\/lykoceramika.pl\\\/\",\"description\":\"\",\"publisher\":{\"@id\":\"https:\\\/\\\/lykoceramika.pl\\\/#organization\"},\"potentialAction\":[{\"@type\":\"SearchAction\",\"target\":{\"@type\":\"EntryPoint\",\"urlTemplate\":\"https:\\\/\\\/lykoceramika.pl\\\/?s={search_term_string}\"},\"query-input\":{\"@type\":\"PropertyValueSpecification\",\"valueRequired\":true,\"valueName\":\"search_term_string\"}}],\"inLanguage\":\"en-GB\"},{\"@type\":\"Organization\",\"@id\":\"https:\\\/\\\/lykoceramika.pl\\\/#organization\",\"name\":\"\u0141YKO ceramika\",\"url\":\"https:\\\/\\\/lykoceramika.pl\\\/\",\"logo\":{\"@type\":\"ImageObject\",\"inLanguage\":\"en-GB\",\"@id\":\"https:\\\/\\\/lykoceramika.pl\\\/#\\\/schema\\\/logo\\\/image\\\/\",\"url\":\"https:\\\/\\\/lykoceramika.pl\\\/wp-content\\\/uploads\\\/2023\\\/09\\\/lyko-logo.png\",\"contentUrl\":\"https:\\\/\\\/lykoceramika.pl\\\/wp-content\\\/uploads\\\/2023\\\/09\\\/lyko-logo.png\",\"width\":600,\"height\":250,\"caption\":\"\u0141YKO ceramika\"},\"image\":{\"@id\":\"https:\\\/\\\/lykoceramika.pl\\\/#\\\/schema\\\/logo\\\/image\\\/\"},\"sameAs\":[\"https:\\\/\\\/www.facebook.com\\\/lykostudio.ceramika\",\"https:\\\/\\\/www.instagram.com\\\/lyko.ceramika\\\/\",\"https:\\\/\\\/www.tiktok.com\\\/@lykoceramika\"]}]}<\/script>\n<!-- \/ Yoast SEO plugin. -->","yoast_head_json":{"title":"Warsztaty toczenia na kole garncarskim Krak\u00f3w | \u0141YKO Ceramika","description":"Spr\u00f3buj toczenia na kole w Krakowie - warsztaty dla pocz\u0105tkuj\u0105cych. Terminy, ceny i rezerwacje online. Zarezerwuj swoje miejsce!","robots":{"index":"index","follow":"follow","max-snippet":"max-snippet:-1","max-image-preview":"max-image-preview:large","max-video-preview":"max-video-preview:-1"},"canonical":"https:\/\/lykoceramika.pl\/en\/product\/toczenie-na-kole\/","og_locale":"en_GB","og_type":"article","og_title":"Warsztaty toczenia na kole garncarskim Krak\u00f3w | \u0141YKO Ceramika","og_description":"Spr\u00f3buj toczenia na kole w Krakowie - warsztaty dla pocz\u0105tkuj\u0105cych. Terminy, ceny i rezerwacje online. Zarezerwuj swoje miejsce!","og_url":"https:\/\/lykoceramika.pl\/en\/product\/toczenie-na-kole\/","article_publisher":"https:\/\/www.facebook.com\/lykostudio.ceramika","article_modified_time":"2026-04-03T19:45:06+00:00","og_image":[{"width":1610,"height":1610,"url":"https:\/\/lykoceramika.pl\/wp-content\/uploads\/2023\/10\/17.jpg","type":"image\/jpeg"}],"twitter_card":"summary_large_image","twitter_misc":{"Estimated reading time":"2 minutes"},"schema":{"@context":"https:\/\/schema.org","@graph":[{"@type":"WebPage","@id":"https:\/\/lykoceramika.pl\/produkt\/toczenie-na-kole\/","url":"https:\/\/lykoceramika.pl\/produkt\/toczenie-na-kole\/","name":"Warsztaty toczenia na kole garncarskim Krak\u00f3w | \u0141YKO Ceramika","isPartOf":{"@id":"https:\/\/lykoceramika.pl\/#website"},"primaryImageOfPage":{"@id":"https:\/\/lykoceramika.pl\/produkt\/toczenie-na-kole\/#primaryimage"},"image":{"@id":"https:\/\/lykoceramika.pl\/produkt\/toczenie-na-kole\/#primaryimage"},"thumbnailUrl":"https:\/\/lykoceramika.pl\/wp-content\/uploads\/2023\/10\/17.jpg","datePublished":"2023-10-03T21:32:48+00:00","dateModified":"2026-04-03T19:45:06+00:00","description":"Spr\u00f3buj toczenia na kole w Krakowie - warsztaty dla pocz\u0105tkuj\u0105cych. Terminy, ceny i rezerwacje online. Zarezerwuj swoje miejsce!","breadcrumb":{"@id":"https:\/\/lykoceramika.pl\/produkt\/toczenie-na-kole\/#breadcrumb"},"inLanguage":"en-GB","potentialAction":[{"@type":"ReadAction","target":["https:\/\/lykoceramika.pl\/produkt\/toczenie-na-kole\/"]}]},{"@type":"ImageObject","inLanguage":"en-GB","@id":"https:\/\/lykoceramika.pl\/produkt\/toczenie-na-kole\/#primaryimage","url":"https:\/\/lykoceramika.pl\/wp-content\/uploads\/2023\/10\/17.jpg","contentUrl":"https:\/\/lykoceramika.pl\/wp-content\/uploads\/2023\/10\/17.jpg","width":1610,"height":1610},{"@type":"BreadcrumbList","@id":"https:\/\/lykoceramika.pl\/produkt\/toczenie-na-kole\/#breadcrumb","itemListElement":[{"@type":"ListItem","position":1,"name":"Strona g\u0142\u00f3wna","item":"https:\/\/lykoceramika.pl\/"},{"@type":"ListItem","position":2,"name":"WARSZTATY","item":"https:\/\/lykoceramika.pl\/warsztaty\/"},{"@type":"ListItem","position":3,"name":"Warsztaty toczenia na kole garncarskim w Krakowie"}]},{"@type":"WebSite","@id":"https:\/\/lykoceramika.pl\/#website","url":"https:\/\/lykoceramika.pl\/","name":"https:\/\/lykoceramika.pl\/","description":"","publisher":{"@id":"https:\/\/lykoceramika.pl\/#organization"},"potentialAction":[{"@type":"SearchAction","target":{"@type":"EntryPoint","urlTemplate":"https:\/\/lykoceramika.pl\/?s={search_term_string}"},"query-input":{"@type":"PropertyValueSpecification","valueRequired":true,"valueName":"search_term_string"}}],"inLanguage":"en-GB"},{"@type":"Organization","@id":"https:\/\/lykoceramika.pl\/#organization","name":"\u0141YKO ceramika","url":"https:\/\/lykoceramika.pl\/","logo":{"@type":"ImageObject","inLanguage":"en-GB","@id":"https:\/\/lykoceramika.pl\/#\/schema\/logo\/image\/","url":"https:\/\/lykoceramika.pl\/wp-content\/uploads\/2023\/09\/lyko-logo.png","contentUrl":"https:\/\/lykoceramika.pl\/wp-content\/uploads\/2023\/09\/lyko-logo.png","width":600,"height":250,"caption":"\u0141YKO ceramika"},"image":{"@id":"https:\/\/lykoceramika.pl\/#\/schema\/logo\/image\/"},"sameAs":["https:\/\/www.facebook.com\/lykostudio.ceramika","https:\/\/www.instagram.com\/lyko.ceramika\/","https:\/\/www.tiktok.com\/@lykoceramika"]}]}},"jetpack_sharing_enabled":true,"_links":{"self":[{"href":"https:\/\/lykoceramika.pl\/en\/wp-json\/wp\/v2\/product\/333","targetHints":{"allow":["GET"]}}],"collection":[{"href":"https:\/\/lykoceramika.pl\/en\/wp-json\/wp\/v2\/product"}],"about":[{"href":"https:\/\/lykoceramika.pl\/en\/wp-json\/wp\/v2\/types\/product"}],"wp:featuredmedia":[{"embeddable":true,"href":"https:\/\/lykoceramika.pl\/en\/wp-json\/wp\/v2\/media\/2185"}],"wp:attachment":[{"href":"https:\/\/lykoceramika.pl\/en\/wp-json\/wp\/v2\/media?parent=333"}],"wp:term":[{"taxonomy":"product_brand","embeddable":true,"href":"https:\/\/lykoceramika.pl\/en\/wp-json\/wp\/v2\/product_brand?post=333"},{"taxonomy":"product_cat","embeddable":true,"href":"https:\/\/lykoceramika.pl\/en\/wp-json\/wp\/v2\/product_cat?post=333"},{"taxonomy":"product_tag","embeddable":true,"href":"https:\/\/lykoceramika.pl\/en\/wp-json\/wp\/v2\/product_tag?post=333"}],"curies":[{"name":"wp","href":"https:\/\/api.w.org\/{rel}","templated":true}]}}