{"id":464,"date":"2023-10-31T16:07:13","date_gmt":"2023-10-31T15:07:13","guid":{"rendered":"https:\/\/lykoceramika.pl\/?post_type=product&#038;p=464"},"modified":"2026-04-01T18:35:07","modified_gmt":"2026-04-01T16:35:07","slug":"kurs-z-toczenia-na-kole","status":"publish","type":"product","link":"https:\/\/lykoceramika.pl\/en\/product\/kurs-z-toczenia-na-kole\/","title":{"rendered":"Pottery wheel throwing with glazing course"},"content":{"rendered":"<p><strong>Duration<br \/>\n<\/strong>A total of 6 hours.<\/p>\n<p><strong>Workshop Flow:<br \/>\n<\/strong>Session I \u2013 Wheel throwing \u2013 1.5 h<br \/>\nSession II \u2013 Wheel throwing \u2013 1.5 h<br \/>\nSession III \u2013 Trimming\/turning \u2013 1.5 h<br \/>\nSession IV \u2013 Glazing \u2013 1.5 h<\/p>\n<p><strong>Additional information!<br \/>\n<\/strong>Final pieces will be ready for pickup approximately two weeks after the workshop. The glazes used are food-safe, and the pottery can be washed in a dishwasher.<\/p>\n<p><strong>How to prepare for the course?<\/strong><br \/>\nWe\u2019ll provide protective aprons during the workshops, but feel free to wear comfortable clothing that you don\u2019t mind getting dirty.\nThe studio is heated, but be prepared for cooler temperatures in winter.\nIf possible, come with short nails\u2014it\u2019s much more convenient for working on the pottery wheel. \ud83d\ude0a<\/p>\n<p><strong>Who are the workshops for?<\/strong><br \/>\nThe workshops are suitable for both beginners and intermediate participants who want to spend creatively in the studio.<\/p>\n<p><strong>Minimum number of participants:<\/strong><br \/>\n3 people. If there aren\u2019t enough participants, we\u2019ll offer a new date or provide a refund for those who have already paid.<\/p>","protected":false},"excerpt":{"rendered":"<p><strong>About the course<\/strong><\/p>\n<p>Did you enjoy wheel throwing? Or is this your first time on a pottery wheel? During the course, you\u2019ll learn the individual steps of building forms on the pottery wheel. You\u2019ll discover how to prepare clay, center it, shape cones, open forms, build walls, and also learn trimming techniques. In the fourth session, you\u2019ll glaze your creations.<\/p>\n<p>At the intermediate level, the course program is tailored individually for each participant. This may include working with a larger amount of clay, attempting to create two identical pieces, attaching a handle to a thrown cup, or making larger forms such as a bowl or a small vase.<\/p>\n<p>Remember \u2014 everything tastes better when served in a cup, plate, or bowl you\u2019ve thrown yourself!<\/p>","protected":false},"featured_media":2186,"template":"","meta":[],"product_brand":[],"product_cat":[19],"product_tag":[],"class_list":{"0":"post-464","1":"product","2":"type-product","3":"status-publish","4":"has-post-thumbnail","6":"product_cat-warsztaty","8":"first","9":"instock","10":"taxable","11":"shipping-taxable","12":"purchasable","13":"product-type-variable"},"yoast_head":"<!-- This site is optimized with the Yoast SEO plugin v27.4 - https:\/\/yoast.com\/product\/yoast-seo-wordpress\/ -->\n<title>Kurs toczenia na kole ze szkliwieniem -<\/title>\n<meta name=\"robots\" content=\"index, follow, max-snippet:-1, max-image-preview:large, max-video-preview:-1\" \/>\n<link rel=\"canonical\" href=\"https:\/\/lykoceramika.pl\/en\/product\/kurs-z-toczenia-na-kole\/\" \/>\n<meta property=\"og:locale\" content=\"en_GB\" \/>\n<meta property=\"og:type\" content=\"article\" \/>\n<meta property=\"og:title\" content=\"Kurs toczenia na kole ze szkliwieniem -\" \/>\n<meta property=\"og:description\" content=\"O kursie  Spodoba\u0142o Ci si\u0119 toczenie? A mo\u017ce jest to Tw\u00f3j pierwszy raz na kole garncarskim? Podczas kursu poznasz poszczeg\u00f3lne kroki budowania formy na kole garncarskim. Dowiesz si\u0119 jak przygotowa\u0107 glin\u0119, centrowa\u0107, sto\u017ckowa\u0107, otwiera\u0107 form\u0119, stawia\u0107 \u015bcianki, a tak\u017ce nauczysz si\u0119 trymowania\/obtaczania prac. Na czwartym spotkaniu poszkliwisz swoje prace.  Na poziomie \u015bredniozaawansowanym program kursu ustalamy indywidualnie z ka\u017cdym uczestnikiem. B\u0119dzie to np. praca z wi\u0119ksz\u0105 ilo\u015bci\u0105 gliny, pr\u00f3ba zrobienia dw\u00f3ch takich samych naczy\u0144, doklejanie ucha do wytyczonej czarki, wi\u0119ksza forma typu miska, wazonik.  Pami\u0119tajcie, \u017ce we w\u0142asnor\u0119cznie wytoczonej czarce, talerzyku czy miseczce wszystko smakuje lepiej!\" \/>\n<meta property=\"og:url\" content=\"https:\/\/lykoceramika.pl\/en\/product\/kurs-z-toczenia-na-kole\/\" \/>\n<meta property=\"article:publisher\" content=\"https:\/\/www.facebook.com\/lykostudio.ceramika\" \/>\n<meta property=\"article:modified_time\" content=\"2026-04-01T16:35:07+00:00\" \/>\n<meta property=\"og:image\" content=\"https:\/\/lykoceramika.pl\/wp-content\/uploads\/2023\/10\/15.jpg\" \/>\n\t<meta property=\"og:image:width\" content=\"1610\" \/>\n\t<meta property=\"og:image:height\" content=\"1610\" \/>\n\t<meta property=\"og:image:type\" content=\"image\/jpeg\" \/>\n<meta name=\"twitter:card\" content=\"summary_large_image\" \/>\n<meta name=\"twitter:label1\" content=\"Estimated reading time\" \/>\n\t<meta name=\"twitter:data1\" content=\"2 minutes\" \/>\n<script type=\"application\/ld+json\" class=\"yoast-schema-graph\">{\"@context\":\"https:\\\/\\\/schema.org\",\"@graph\":[{\"@type\":\"WebPage\",\"@id\":\"https:\\\/\\\/lykoceramika.pl\\\/produkt\\\/kurs-z-toczenia-na-kole\\\/\",\"url\":\"https:\\\/\\\/lykoceramika.pl\\\/produkt\\\/kurs-z-toczenia-na-kole\\\/\",\"name\":\"Kurs toczenia na kole ze szkliwieniem -\",\"isPartOf\":{\"@id\":\"https:\\\/\\\/lykoceramika.pl\\\/#website\"},\"primaryImageOfPage\":{\"@id\":\"https:\\\/\\\/lykoceramika.pl\\\/produkt\\\/kurs-z-toczenia-na-kole\\\/#primaryimage\"},\"image\":{\"@id\":\"https:\\\/\\\/lykoceramika.pl\\\/produkt\\\/kurs-z-toczenia-na-kole\\\/#primaryimage\"},\"thumbnailUrl\":\"https:\\\/\\\/lykoceramika.pl\\\/wp-content\\\/uploads\\\/2023\\\/10\\\/15.jpg\",\"datePublished\":\"2023-10-31T15:07:13+00:00\",\"dateModified\":\"2026-04-01T16:35:07+00:00\",\"breadcrumb\":{\"@id\":\"https:\\\/\\\/lykoceramika.pl\\\/produkt\\\/kurs-z-toczenia-na-kole\\\/#breadcrumb\"},\"inLanguage\":\"en-GB\",\"potentialAction\":[{\"@type\":\"ReadAction\",\"target\":[\"https:\\\/\\\/lykoceramika.pl\\\/produkt\\\/kurs-z-toczenia-na-kole\\\/\"]}]},{\"@type\":\"ImageObject\",\"inLanguage\":\"en-GB\",\"@id\":\"https:\\\/\\\/lykoceramika.pl\\\/produkt\\\/kurs-z-toczenia-na-kole\\\/#primaryimage\",\"url\":\"https:\\\/\\\/lykoceramika.pl\\\/wp-content\\\/uploads\\\/2023\\\/10\\\/15.jpg\",\"contentUrl\":\"https:\\\/\\\/lykoceramika.pl\\\/wp-content\\\/uploads\\\/2023\\\/10\\\/15.jpg\",\"width\":1610,\"height\":1610},{\"@type\":\"BreadcrumbList\",\"@id\":\"https:\\\/\\\/lykoceramika.pl\\\/produkt\\\/kurs-z-toczenia-na-kole\\\/#breadcrumb\",\"itemListElement\":[{\"@type\":\"ListItem\",\"position\":1,\"name\":\"Strona g\u0142\u00f3wna\",\"item\":\"https:\\\/\\\/lykoceramika.pl\\\/\"},{\"@type\":\"ListItem\",\"position\":2,\"name\":\"WARSZTATY\",\"item\":\"https:\\\/\\\/lykoceramika.pl\\\/warsztaty\\\/\"},{\"@type\":\"ListItem\",\"position\":3,\"name\":\"Kurs toczenia na kole ze szkliwieniem\"}]},{\"@type\":\"WebSite\",\"@id\":\"https:\\\/\\\/lykoceramika.pl\\\/#website\",\"url\":\"https:\\\/\\\/lykoceramika.pl\\\/\",\"name\":\"https:\\\/\\\/lykoceramika.pl\\\/\",\"description\":\"\",\"publisher\":{\"@id\":\"https:\\\/\\\/lykoceramika.pl\\\/#organization\"},\"potentialAction\":[{\"@type\":\"SearchAction\",\"target\":{\"@type\":\"EntryPoint\",\"urlTemplate\":\"https:\\\/\\\/lykoceramika.pl\\\/?s={search_term_string}\"},\"query-input\":{\"@type\":\"PropertyValueSpecification\",\"valueRequired\":true,\"valueName\":\"search_term_string\"}}],\"inLanguage\":\"en-GB\"},{\"@type\":\"Organization\",\"@id\":\"https:\\\/\\\/lykoceramika.pl\\\/#organization\",\"name\":\"\u0141YKO ceramika\",\"url\":\"https:\\\/\\\/lykoceramika.pl\\\/\",\"logo\":{\"@type\":\"ImageObject\",\"inLanguage\":\"en-GB\",\"@id\":\"https:\\\/\\\/lykoceramika.pl\\\/#\\\/schema\\\/logo\\\/image\\\/\",\"url\":\"https:\\\/\\\/lykoceramika.pl\\\/wp-content\\\/uploads\\\/2023\\\/09\\\/lyko-logo.png\",\"contentUrl\":\"https:\\\/\\\/lykoceramika.pl\\\/wp-content\\\/uploads\\\/2023\\\/09\\\/lyko-logo.png\",\"width\":600,\"height\":250,\"caption\":\"\u0141YKO ceramika\"},\"image\":{\"@id\":\"https:\\\/\\\/lykoceramika.pl\\\/#\\\/schema\\\/logo\\\/image\\\/\"},\"sameAs\":[\"https:\\\/\\\/www.facebook.com\\\/lykostudio.ceramika\",\"https:\\\/\\\/www.instagram.com\\\/lyko.ceramika\\\/\",\"https:\\\/\\\/www.tiktok.com\\\/@lykoceramika\"]}]}<\/script>\n<!-- \/ Yoast SEO plugin. -->","yoast_head_json":{"title":"Kurs toczenia na kole ze szkliwieniem -","robots":{"index":"index","follow":"follow","max-snippet":"max-snippet:-1","max-image-preview":"max-image-preview:large","max-video-preview":"max-video-preview:-1"},"canonical":"https:\/\/lykoceramika.pl\/en\/product\/kurs-z-toczenia-na-kole\/","og_locale":"en_GB","og_type":"article","og_title":"Kurs toczenia na kole ze szkliwieniem -","og_description":"O kursie  Spodoba\u0142o Ci si\u0119 toczenie? A mo\u017ce jest to Tw\u00f3j pierwszy raz na kole garncarskim? Podczas kursu poznasz poszczeg\u00f3lne kroki budowania formy na kole garncarskim. Dowiesz si\u0119 jak przygotowa\u0107 glin\u0119, centrowa\u0107, sto\u017ckowa\u0107, otwiera\u0107 form\u0119, stawia\u0107 \u015bcianki, a tak\u017ce nauczysz si\u0119 trymowania\/obtaczania prac. Na czwartym spotkaniu poszkliwisz swoje prace.  Na poziomie \u015bredniozaawansowanym program kursu ustalamy indywidualnie z ka\u017cdym uczestnikiem. B\u0119dzie to np. praca z wi\u0119ksz\u0105 ilo\u015bci\u0105 gliny, pr\u00f3ba zrobienia dw\u00f3ch takich samych naczy\u0144, doklejanie ucha do wytyczonej czarki, wi\u0119ksza forma typu miska, wazonik.  Pami\u0119tajcie, \u017ce we w\u0142asnor\u0119cznie wytoczonej czarce, talerzyku czy miseczce wszystko smakuje lepiej!","og_url":"https:\/\/lykoceramika.pl\/en\/product\/kurs-z-toczenia-na-kole\/","article_publisher":"https:\/\/www.facebook.com\/lykostudio.ceramika","article_modified_time":"2026-04-01T16:35:07+00:00","og_image":[{"width":1610,"height":1610,"url":"https:\/\/lykoceramika.pl\/wp-content\/uploads\/2023\/10\/15.jpg","type":"image\/jpeg"}],"twitter_card":"summary_large_image","twitter_misc":{"Estimated reading time":"2 minutes"},"schema":{"@context":"https:\/\/schema.org","@graph":[{"@type":"WebPage","@id":"https:\/\/lykoceramika.pl\/produkt\/kurs-z-toczenia-na-kole\/","url":"https:\/\/lykoceramika.pl\/produkt\/kurs-z-toczenia-na-kole\/","name":"Kurs toczenia na kole ze szkliwieniem -","isPartOf":{"@id":"https:\/\/lykoceramika.pl\/#website"},"primaryImageOfPage":{"@id":"https:\/\/lykoceramika.pl\/produkt\/kurs-z-toczenia-na-kole\/#primaryimage"},"image":{"@id":"https:\/\/lykoceramika.pl\/produkt\/kurs-z-toczenia-na-kole\/#primaryimage"},"thumbnailUrl":"https:\/\/lykoceramika.pl\/wp-content\/uploads\/2023\/10\/15.jpg","datePublished":"2023-10-31T15:07:13+00:00","dateModified":"2026-04-01T16:35:07+00:00","breadcrumb":{"@id":"https:\/\/lykoceramika.pl\/produkt\/kurs-z-toczenia-na-kole\/#breadcrumb"},"inLanguage":"en-GB","potentialAction":[{"@type":"ReadAction","target":["https:\/\/lykoceramika.pl\/produkt\/kurs-z-toczenia-na-kole\/"]}]},{"@type":"ImageObject","inLanguage":"en-GB","@id":"https:\/\/lykoceramika.pl\/produkt\/kurs-z-toczenia-na-kole\/#primaryimage","url":"https:\/\/lykoceramika.pl\/wp-content\/uploads\/2023\/10\/15.jpg","contentUrl":"https:\/\/lykoceramika.pl\/wp-content\/uploads\/2023\/10\/15.jpg","width":1610,"height":1610},{"@type":"BreadcrumbList","@id":"https:\/\/lykoceramika.pl\/produkt\/kurs-z-toczenia-na-kole\/#breadcrumb","itemListElement":[{"@type":"ListItem","position":1,"name":"Strona g\u0142\u00f3wna","item":"https:\/\/lykoceramika.pl\/"},{"@type":"ListItem","position":2,"name":"WARSZTATY","item":"https:\/\/lykoceramika.pl\/warsztaty\/"},{"@type":"ListItem","position":3,"name":"Kurs toczenia na kole ze szkliwieniem"}]},{"@type":"WebSite","@id":"https:\/\/lykoceramika.pl\/#website","url":"https:\/\/lykoceramika.pl\/","name":"https:\/\/lykoceramika.pl\/","description":"","publisher":{"@id":"https:\/\/lykoceramika.pl\/#organization"},"potentialAction":[{"@type":"SearchAction","target":{"@type":"EntryPoint","urlTemplate":"https:\/\/lykoceramika.pl\/?s={search_term_string}"},"query-input":{"@type":"PropertyValueSpecification","valueRequired":true,"valueName":"search_term_string"}}],"inLanguage":"en-GB"},{"@type":"Organization","@id":"https:\/\/lykoceramika.pl\/#organization","name":"\u0141YKO ceramika","url":"https:\/\/lykoceramika.pl\/","logo":{"@type":"ImageObject","inLanguage":"en-GB","@id":"https:\/\/lykoceramika.pl\/#\/schema\/logo\/image\/","url":"https:\/\/lykoceramika.pl\/wp-content\/uploads\/2023\/09\/lyko-logo.png","contentUrl":"https:\/\/lykoceramika.pl\/wp-content\/uploads\/2023\/09\/lyko-logo.png","width":600,"height":250,"caption":"\u0141YKO ceramika"},"image":{"@id":"https:\/\/lykoceramika.pl\/#\/schema\/logo\/image\/"},"sameAs":["https:\/\/www.facebook.com\/lykostudio.ceramika","https:\/\/www.instagram.com\/lyko.ceramika\/","https:\/\/www.tiktok.com\/@lykoceramika"]}]}},"jetpack_sharing_enabled":true,"_links":{"self":[{"href":"https:\/\/lykoceramika.pl\/en\/wp-json\/wp\/v2\/product\/464","targetHints":{"allow":["GET"]}}],"collection":[{"href":"https:\/\/lykoceramika.pl\/en\/wp-json\/wp\/v2\/product"}],"about":[{"href":"https:\/\/lykoceramika.pl\/en\/wp-json\/wp\/v2\/types\/product"}],"wp:featuredmedia":[{"embeddable":true,"href":"https:\/\/lykoceramika.pl\/en\/wp-json\/wp\/v2\/media\/2186"}],"wp:attachment":[{"href":"https:\/\/lykoceramika.pl\/en\/wp-json\/wp\/v2\/media?parent=464"}],"wp:term":[{"taxonomy":"product_brand","embeddable":true,"href":"https:\/\/lykoceramika.pl\/en\/wp-json\/wp\/v2\/product_brand?post=464"},{"taxonomy":"product_cat","embeddable":true,"href":"https:\/\/lykoceramika.pl\/en\/wp-json\/wp\/v2\/product_cat?post=464"},{"taxonomy":"product_tag","embeddable":true,"href":"https:\/\/lykoceramika.pl\/en\/wp-json\/wp\/v2\/product_tag?post=464"}],"curies":[{"name":"wp","href":"https:\/\/api.w.org\/{rel}","templated":true}]}}